{"id":1879,"date":"2025-12-11T13:09:19","date_gmt":"2025-12-11T12:09:19","guid":{"rendered":"https:\/\/zarda.es\/terminos-y-condiciones\/"},"modified":"2026-03-05T12:59:25","modified_gmt":"2026-03-05T11:59:25","slug":"conditions-generales","status":"publish","type":"page","link":"https:\/\/zarda.es\/fr\/conditions-generales\/","title":{"rendered":"Conditions G\u00e9n\u00e9rales"},"content":{"rendered":"\t\t<div data-elementor-type=\"wp-page\" data-elementor-id=\"1879\" class=\"elementor elementor-1879 elementor-1321\" data-elementor-post-type=\"page\">\n\t\t\t\t<div class=\"elementor-element elementor-element-c0f3307 e-flex e-con-boxed e-con e-parent\" data-id=\"c0f3307\" data-element_type=\"container\" data-e-type=\"container\" data-settings=\"{&quot;jet_parallax_layout_list&quot;:[]}\">\n\t\t\t\t\t<div class=\"e-con-inner\">\n\t\t\t\t<div class=\"elementor-element elementor-element-8e0ca10 elementor-invisible elementor-widget elementor-widget-heading\" data-id=\"8e0ca10\" data-element_type=\"widget\" data-e-type=\"widget\" data-settings=\"{&quot;_animation&quot;:&quot;fadeInLeft&quot;}\" data-widget_type=\"heading.default\">\n\t\t\t\t\t<h2 class=\"elementor-heading-title elementor-size-default\">TERMES ET <b>CONDITIONS<\/b><\/h2>\t\t\t\t<\/div>\n\t\t\t\t<div class=\"elementor-element elementor-element-4730290 elementor-invisible elementor-widget elementor-widget-text-editor\" data-id=\"4730290\" data-element_type=\"widget\" data-e-type=\"widget\" data-settings=\"{&quot;_animation&quot;:&quot;fadeInLeft&quot;}\" data-widget_type=\"text-editor.default\">\n\t\t\t\t\t\t\t\t\t<p><strong>1. Objet<\/strong><\/p><p>Les pr\u00e9sentes conditions g\u00e9n\u00e9rales r\u00e9gissent l&rsquo;acc\u00e8s au site web de ZARD\u00c1 CONCEPT S.L. et son utilisation.<\/p><p><strong>2. Conditions d&rsquo;acc\u00e8s<\/strong><\/p><p>L&rsquo;utilisateur s&rsquo;engage \u00e0 utiliser le site web de mani\u00e8re licite et appropri\u00e9e. Le propri\u00e9taire peut modifier le contenu ou les conditions d&rsquo;utilisation sans pr\u00e9avis. <\/p><p><strong>3. Propri\u00e9t\u00e9 intellectuelle<\/strong><\/p><p>L&rsquo;ensemble du contenu de ce site web est prot\u00e9g\u00e9 par des droits de propri\u00e9t\u00e9 intellectuelle. Toute reproduction est interdite sans autorisation. <\/p><p><strong>4. Interdictions \u00e0 l&rsquo;utilisateur<\/strong><\/p><p>L&rsquo;utilisateur s&rsquo;engage \u00e0 NE PAS :<\/p><ul><li>Diffuser du contenu ill\u00e9gal ou nuisible.<\/li><li>Tentative d&rsquo;acc\u00e8s non autoris\u00e9 aux syst\u00e8mes du propri\u00e9taire.<\/li><li>Utiliser le contenu \u00e0 des fins commerciales non autoris\u00e9es.<\/li><\/ul><p><strong>5. Responsabilit\u00e9<\/strong><\/p><p>Le propri\u00e9taire d\u00e9cline toute responsabilit\u00e9 en cas de d\u00e9faillances techniques, d&rsquo;indisponibilit\u00e9 du site ou de dommages r\u00e9sultant d&rsquo;une mauvaise utilisation du site.<\/p><p><strong>6. Modifications<\/strong><\/p><p>Le propri\u00e9taire peut modifier les pr\u00e9sentes conditions g\u00e9n\u00e9rales \u00e0 tout moment. L&rsquo;utilisation du site implique leur acceptation. <\/p><p><strong>7. L\u00e9gislation applicable<\/strong><\/p><p>La relaci\u00f3n entre las partes se regir\u00e1 por la legislaci\u00f3n espa\u00f1ola y los tribunales de Valencia ser\u00e1n competentes.<\/p>\t\t\t\t\t\t\t\t<\/div>\n\t\t\t\t\t<\/div>\n\t\t\t\t<\/div>\n\t\t\t\t<\/div>\n\t\t","protected":false},"excerpt":{"rendered":"<p>TERMES ET CONDITIONS 1. Objet Les pr\u00e9sentes conditions g\u00e9n\u00e9rales r\u00e9gissent l&rsquo;acc\u00e8s au site web de ZARD\u00c1 CONCEPT S.L. et son utilisation. 2. Conditions d&rsquo;acc\u00e8s L&rsquo;utilisateur s&rsquo;engage \u00e0 utiliser le site web de mani\u00e8re licite et appropri\u00e9e. Le propri\u00e9taire peut modifier le contenu ou les conditions d&rsquo;utilisation sans pr\u00e9avis. 3. Propri\u00e9t\u00e9 intellectuelle L&rsquo;ensemble du contenu de [&hellip;]<\/p>\n","protected":false},"author":1,"featured_media":0,"parent":0,"menu_order":0,"comment_status":"closed","ping_status":"closed","template":"","meta":{"footnotes":""},"class_list":["post-1879","page","type-page","status-publish","hentry"],"yoast_head":"<!-- This site is optimized with the Yoast SEO plugin v27.1.1 - https:\/\/yoast.com\/product\/yoast-seo-wordpress\/ -->\n<title>Conditions G\u00e9n\u00e9rales - Zard\u00e1<\/title>\n<meta name=\"robots\" content=\"noindex, nofollow\" \/>\n<meta property=\"og:locale\" content=\"fr_FR\" \/>\n<meta property=\"og:type\" content=\"article\" \/>\n<meta property=\"og:title\" content=\"Conditions G\u00e9n\u00e9rales - Zard\u00e1\" \/>\n<meta property=\"og:description\" content=\"TERMES ET CONDITIONS 1. Objet Les pr\u00e9sentes conditions g\u00e9n\u00e9rales r\u00e9gissent l&rsquo;acc\u00e8s au site web de ZARD\u00c1 CONCEPT S.L. et son utilisation. 2. Conditions d&rsquo;acc\u00e8s L&rsquo;utilisateur s&rsquo;engage \u00e0 utiliser le site web de mani\u00e8re licite et appropri\u00e9e. Le propri\u00e9taire peut modifier le contenu ou les conditions d&rsquo;utilisation sans pr\u00e9avis. 3. Propri\u00e9t\u00e9 intellectuelle L&rsquo;ensemble du contenu de [&hellip;]\" \/>\n<meta property=\"og:url\" content=\"https:\/\/zarda.es\/fr\/conditions-generales\/\" \/>\n<meta property=\"og:site_name\" content=\"Zard\u00e1\" \/>\n<meta property=\"article:modified_time\" content=\"2026-03-05T11:59:25+00:00\" \/>\n<meta property=\"og:image\" content=\"https:\/\/zarda.es\/wp-content\/uploads\/2025\/11\/LOGO.png\" \/>\n\t<meta property=\"og:image:width\" content=\"560\" \/>\n\t<meta property=\"og:image:height\" content=\"213\" \/>\n\t<meta property=\"og:image:type\" content=\"image\/png\" \/>\n<meta name=\"twitter:card\" content=\"summary_large_image\" \/>\n<meta name=\"twitter:label1\" content=\"Dur\u00e9e de lecture estim\u00e9e\" \/>\n\t<meta name=\"twitter:data1\" content=\"1 minute\" \/>\n<script type=\"application\/ld+json\" class=\"yoast-schema-graph\">{\"@context\":\"https:\/\/schema.org\",\"@graph\":[{\"@type\":\"WebPage\",\"@id\":\"https:\/\/zarda.es\/fr\/conditions-generales\/\",\"url\":\"https:\/\/zarda.es\/fr\/conditions-generales\/\",\"name\":\"Conditions G\u00e9n\u00e9rales - Zard\u00e1\",\"isPartOf\":{\"@id\":\"https:\/\/zarda.es\/fr\/#website\"},\"datePublished\":\"2025-12-11T12:09:19+00:00\",\"dateModified\":\"2026-03-05T11:59:25+00:00\",\"breadcrumb\":{\"@id\":\"https:\/\/zarda.es\/fr\/conditions-generales\/#breadcrumb\"},\"inLanguage\":\"fr-FR\",\"potentialAction\":[{\"@type\":\"ReadAction\",\"target\":[\"https:\/\/zarda.es\/fr\/conditions-generales\/\"]}]},{\"@type\":\"BreadcrumbList\",\"@id\":\"https:\/\/zarda.es\/fr\/conditions-generales\/#breadcrumb\",\"itemListElement\":[{\"@type\":\"ListItem\",\"position\":1,\"name\":\"Accueil\",\"item\":\"https:\/\/zarda.es\/fr\/\"},{\"@type\":\"ListItem\",\"position\":2,\"name\":\"Conditions G\u00e9n\u00e9rales\"}]},{\"@type\":\"WebSite\",\"@id\":\"https:\/\/zarda.es\/fr\/#website\",\"url\":\"https:\/\/zarda.es\/fr\/\",\"name\":\"Zard\u00e1\",\"description\":\"Fabricante de sof\u00e1s y sillones cama para los canales hogar y contract.\",\"publisher\":{\"@id\":\"https:\/\/zarda.es\/fr\/#organization\"},\"potentialAction\":[{\"@type\":\"SearchAction\",\"target\":{\"@type\":\"EntryPoint\",\"urlTemplate\":\"https:\/\/zarda.es\/fr\/?s={search_term_string}\"},\"query-input\":{\"@type\":\"PropertyValueSpecification\",\"valueRequired\":true,\"valueName\":\"search_term_string\"}}],\"inLanguage\":\"fr-FR\"},{\"@type\":\"Organization\",\"@id\":\"https:\/\/zarda.es\/fr\/#organization\",\"name\":\"ZARD\u00c1 CONCEPT S.L\",\"alternateName\":\"ZARD\u00c1\",\"url\":\"https:\/\/zarda.es\/fr\/\",\"logo\":{\"@type\":\"ImageObject\",\"inLanguage\":\"fr-FR\",\"@id\":\"https:\/\/zarda.es\/fr\/#\/schema\/logo\/image\/\",\"url\":\"https:\/\/zarda.es\/wp-content\/uploads\/2025\/11\/LOGO.png\",\"contentUrl\":\"https:\/\/zarda.es\/wp-content\/uploads\/2025\/11\/LOGO.png\",\"width\":560,\"height\":213,\"caption\":\"ZARD\u00c1 CONCEPT S.L\"},\"image\":{\"@id\":\"https:\/\/zarda.es\/fr\/#\/schema\/logo\/image\/\"}}]}<\/script>\n<!-- \/ Yoast SEO plugin. -->","yoast_head_json":{"title":"Conditions G\u00e9n\u00e9rales - Zard\u00e1","robots":{"index":"noindex","follow":"nofollow"},"og_locale":"fr_FR","og_type":"article","og_title":"Conditions G\u00e9n\u00e9rales - Zard\u00e1","og_description":"TERMES ET CONDITIONS 1. Objet Les pr\u00e9sentes conditions g\u00e9n\u00e9rales r\u00e9gissent l&rsquo;acc\u00e8s au site web de ZARD\u00c1 CONCEPT S.L. et son utilisation. 2. Conditions d&rsquo;acc\u00e8s L&rsquo;utilisateur s&rsquo;engage \u00e0 utiliser le site web de mani\u00e8re licite et appropri\u00e9e. Le propri\u00e9taire peut modifier le contenu ou les conditions d&rsquo;utilisation sans pr\u00e9avis. 3. Propri\u00e9t\u00e9 intellectuelle L&rsquo;ensemble du contenu de [&hellip;]","og_url":"https:\/\/zarda.es\/fr\/conditions-generales\/","og_site_name":"Zard\u00e1","article_modified_time":"2026-03-05T11:59:25+00:00","og_image":[{"width":560,"height":213,"url":"https:\/\/zarda.es\/wp-content\/uploads\/2025\/11\/LOGO.png","type":"image\/png"}],"twitter_card":"summary_large_image","twitter_misc":{"Dur\u00e9e de lecture estim\u00e9e":"1 minute"},"schema":{"@context":"https:\/\/schema.org","@graph":[{"@type":"WebPage","@id":"https:\/\/zarda.es\/fr\/conditions-generales\/","url":"https:\/\/zarda.es\/fr\/conditions-generales\/","name":"Conditions G\u00e9n\u00e9rales - Zard\u00e1","isPartOf":{"@id":"https:\/\/zarda.es\/fr\/#website"},"datePublished":"2025-12-11T12:09:19+00:00","dateModified":"2026-03-05T11:59:25+00:00","breadcrumb":{"@id":"https:\/\/zarda.es\/fr\/conditions-generales\/#breadcrumb"},"inLanguage":"fr-FR","potentialAction":[{"@type":"ReadAction","target":["https:\/\/zarda.es\/fr\/conditions-generales\/"]}]},{"@type":"BreadcrumbList","@id":"https:\/\/zarda.es\/fr\/conditions-generales\/#breadcrumb","itemListElement":[{"@type":"ListItem","position":1,"name":"Accueil","item":"https:\/\/zarda.es\/fr\/"},{"@type":"ListItem","position":2,"name":"Conditions G\u00e9n\u00e9rales"}]},{"@type":"WebSite","@id":"https:\/\/zarda.es\/fr\/#website","url":"https:\/\/zarda.es\/fr\/","name":"Zard\u00e1","description":"Fabricante de sof\u00e1s y sillones cama para los canales hogar y contract.","publisher":{"@id":"https:\/\/zarda.es\/fr\/#organization"},"potentialAction":[{"@type":"SearchAction","target":{"@type":"EntryPoint","urlTemplate":"https:\/\/zarda.es\/fr\/?s={search_term_string}"},"query-input":{"@type":"PropertyValueSpecification","valueRequired":true,"valueName":"search_term_string"}}],"inLanguage":"fr-FR"},{"@type":"Organization","@id":"https:\/\/zarda.es\/fr\/#organization","name":"ZARD\u00c1 CONCEPT S.L","alternateName":"ZARD\u00c1","url":"https:\/\/zarda.es\/fr\/","logo":{"@type":"ImageObject","inLanguage":"fr-FR","@id":"https:\/\/zarda.es\/fr\/#\/schema\/logo\/image\/","url":"https:\/\/zarda.es\/wp-content\/uploads\/2025\/11\/LOGO.png","contentUrl":"https:\/\/zarda.es\/wp-content\/uploads\/2025\/11\/LOGO.png","width":560,"height":213,"caption":"ZARD\u00c1 CONCEPT S.L"},"image":{"@id":"https:\/\/zarda.es\/fr\/#\/schema\/logo\/image\/"}}]}},"_links":{"self":[{"href":"https:\/\/zarda.es\/fr\/wp-json\/wp\/v2\/pages\/1879","targetHints":{"allow":["GET"]}}],"collection":[{"href":"https:\/\/zarda.es\/fr\/wp-json\/wp\/v2\/pages"}],"about":[{"href":"https:\/\/zarda.es\/fr\/wp-json\/wp\/v2\/types\/page"}],"author":[{"embeddable":true,"href":"https:\/\/zarda.es\/fr\/wp-json\/wp\/v2\/users\/1"}],"replies":[{"embeddable":true,"href":"https:\/\/zarda.es\/fr\/wp-json\/wp\/v2\/comments?post=1879"}],"version-history":[{"count":0,"href":"https:\/\/zarda.es\/fr\/wp-json\/wp\/v2\/pages\/1879\/revisions"}],"wp:attachment":[{"href":"https:\/\/zarda.es\/fr\/wp-json\/wp\/v2\/media?parent=1879"}],"curies":[{"name":"wp","href":"https:\/\/api.w.org\/{rel}","templated":true}]}}