{"id":1873,"date":"2025-12-09T12:38:07","date_gmt":"2025-12-09T11:38:07","guid":{"rendered":"https:\/\/zarda.es\/politica-de-cookies\/"},"modified":"2026-03-05T12:39:08","modified_gmt":"2026-03-05T11:39:08","slug":"politique-de-cookies","status":"publish","type":"page","link":"https:\/\/zarda.es\/fr\/politique-de-cookies\/","title":{"rendered":"Politique de cookies"},"content":{"rendered":"\t\t<div data-elementor-type=\"wp-page\" data-elementor-id=\"1873\" class=\"elementor elementor-1873 elementor-801\" data-elementor-post-type=\"page\">\n\t\t\t\t<div class=\"elementor-element elementor-element-c0f3307 e-flex e-con-boxed e-con e-parent\" data-id=\"c0f3307\" data-element_type=\"container\" data-e-type=\"container\" data-settings=\"{&quot;jet_parallax_layout_list&quot;:[]}\">\n\t\t\t\t\t<div class=\"e-con-inner\">\n\t\t\t\t<div class=\"elementor-element elementor-element-83850bf elementor-widget elementor-widget-heading\" data-id=\"83850bf\" data-element_type=\"widget\" data-e-type=\"widget\" data-widget_type=\"heading.default\">\n\t\t\t\t\t<h2 class=\"elementor-heading-title elementor-size-default\">POLITIQUE DE <b>COOKIES<\/b><\/h2>\t\t\t\t<\/div>\n\t\t\t\t<div class=\"elementor-element elementor-element-da29344 elementor-widget elementor-widget-text-editor\" data-id=\"da29344\" data-element_type=\"widget\" data-e-type=\"widget\" data-widget_type=\"text-editor.default\">\n\t\t\t\t\t\t\t\t\t<p><strong>1. UTILISATION DES COOKIES<\/strong><\/p><p>Les cookies sont des fichiers plac\u00e9s sur votre ordinateur pour recueillir des informations de connexion Internet et des donn\u00e9es relatives \u00e0 votre comportement. Ils permettent de comprendre comment vous interagissez avec le site web et d&rsquo;\u00e9tablir des statistiques sur son activit\u00e9. <\/p><p> <\/p><p><strong>2. UTILISATION DES COOKIES SUR LE SITE WEB DE ZARDA<\/strong><\/p><p>Les informations fournies par les cookies nous aident \u00e0 mieux comprendre les profils de nos utilisateurs et \u00e0 vous offrir une exp\u00e9rience utilisateur optimale. Zarda utilise ces informations pour am\u00e9liorer ses services et sa communication avec ses utilisateurs. Nous utilisons uniquement les cookies n\u00e9cessaires au fonctionnement de notre site web et uniquement avec votre consentement.  <\/p><p> <\/p><p><strong>3. TYPES DE COOKIES ET LEUR UTILIT\u00c9<\/strong><\/p><p>Selon l&rsquo;entit\u00e9 qui g\u00e8re les cookies, ils peuvent \u00eatre class\u00e9s en groupes : Selon l&rsquo;entit\u00e9 qui les g\u00e8re :<\/p><ul><li>Cookies internes : ceux qui sont envoy\u00e9s \u00e0 l\u2019\u00e9quipement terminal de l\u2019utilisateur depuis un ordinateur ou un domaine g\u00e9r\u00e9 par l\u2019\u00e9diteur lui-m\u00eame et \u00e0 partir duquel le service demand\u00e9 par l\u2019utilisateur est fourni.<\/li><li>Cookies tiers : il s\u2019agit de cookies envoy\u00e9s \u00e0 l\u2019\u00e9quipement terminal de l\u2019utilisateur depuis un ordinateur ou un domaine qui n\u2019est pas g\u00e9r\u00e9 par l\u2019\u00e9diteur, mais par une autre entit\u00e9 qui traite les donn\u00e9es obtenues par le biais des cookies.<\/li><\/ul><p>En fonction de leur dur\u00e9e d&rsquo;activit\u00e9 sur l&rsquo;\u00e9quipement terminal, elles sont divis\u00e9es en :<\/p><ul><li>Cookies de session : ceux-ci sont con\u00e7us pour collecter et stocker des donn\u00e9es pendant que l\u2019utilisateur acc\u00e8de \u00e0 un site web.<\/li><li>Cookies persistants : un type de cookie dans lequel les donn\u00e9es restent stock\u00e9es sur le terminal et peuvent \u00eatre consult\u00e9es et trait\u00e9es pendant une p\u00e9riode d\u00e9finie par le propri\u00e9taire du cookie, qui peut aller de quelques minutes \u00e0 plusieurs ann\u00e9es.<\/li><\/ul><p>Selon leur finalit\u00e9, ils sont class\u00e9s comme suit :<\/p><ul><li>Cookies techniques : ces cookies permettent au site de m\u00e9moriser vos choix afin de vous offrir des fonctionnalit\u00e9s plus performantes et personnalis\u00e9es. Les cookies tiers font partie de cette cat\u00e9gorie. <\/li><li>Cookies de personnalisation : Ces cookies sont install\u00e9s pour vous proposer des publicit\u00e9s cibl\u00e9es en fonction de vos centres d\u2019int\u00e9r\u00eat et pour g\u00e9rer notre publicit\u00e9. Ils collectent des informations sur votre activit\u00e9 sur ce site et d\u2019autres sites afin de vous proposer des publicit\u00e9s adapt\u00e9es \u00e0 vos pr\u00e9f\u00e9rences. Ce sont \u00e9galement des cookies de pr\u00e9f\u00e9rences, comme la langue, le nombre de r\u00e9sultats \u00e0 afficher lors d\u2019une recherche, etc.  <\/li><li>Cookies analytiques : Ces cookies sont utilis\u00e9s pour nous fournir des informations statistiques sur les performances de notre Site (par exemple, pour compter les visites, comprendre les sources de trafic, etc.).<\/li><li>Cookies des r\u00e9seaux sociaux : Les cookies des r\u00e9seaux sociaux collectent des informations sur votre utilisation des r\u00e9seaux sociaux afin de cr\u00e9er votre profil.<\/li><\/ul><p> <\/p><p><strong>4. COMMENT ACCEPTER, REFUSER, RETIRER SON CONSENTEMENT OU SUPPRIMER LES COOKIES<\/strong><\/p><p>Lors de leur premi\u00e8re visite sur le site web, les utilisateurs ont la possibilit\u00e9 d&rsquo;accepter ou de refuser l&rsquo;utilisation des cookies via une notification d&rsquo;information qui s&rsquo;affiche \u00e0 l&rsquo;\u00e9cran. Cette notification restera affich\u00e9e jusqu&rsquo;\u00e0 ce que le consentement soit donn\u00e9, refus\u00e9 ou que les cookies soient configur\u00e9s selon les pr\u00e9f\u00e9rences personnelles. Les utilisateurs peuvent retirer leur consentement ou configurer les cookies \u00e0 tout moment via le panneau de configuration. Ce panneau leur permet de choisir d&rsquo;accepter ou non les cookies utilis\u00e9s, et de les configurer \u00e0 tout moment. Nous vous informons que Zarda utilise ses propres cookies et ceux de tiers pour activer les fonctions de navigation de base, ainsi que pour analyser la navigation des utilisateurs sur le site web et l&rsquo;utilisation des services et produits propos\u00e9s. Conform\u00e9ment \u00e0 la r\u00e9glementation applicable en mati\u00e8re de cookies, nous pouvons stocker des cookies sur l&rsquo;appareil de l&rsquo;utilisateur s&rsquo;ils sont strictement n\u00e9cessaires au fonctionnement de ce site web. Pour tous les autres types de cookies, nous devons demander le consentement. Vous trouverez ci-dessous des explications sur certains des cookies que nous utilisons et sur les raisons de leur utilisation :       <\/p><p>[wcc_category_list]<\/p><p> <\/p><p><strong>5.- D\u00c9SACTIVER LES COOKIES<\/strong><\/p><p>Vous pouvez modifier vos pr\u00e9f\u00e9rences en mati\u00e8re de cookies \u00e0 tout moment en cliquant sur le bouton [wcc_preference_button]. Cela vous permettra de consulter \u00e0 nouveau la banni\u00e8re de consentement aux cookies et de modifier vos pr\u00e9f\u00e9rences ou de retirer votre consentement imm\u00e9diatement. <\/p><p>Concernant les cookies d\u00e9pos\u00e9s par votre navigateur, veuillez noter que si vous acceptez les cookies tiers, vous devrez les supprimer via les param\u00e8tres de votre navigateur. En tant qu&rsquo;utilisateur, vous pouvez restreindre, bloquer ou supprimer les cookies des sites web. La quasi-totalit\u00e9 des navigateurs modernes vous permet de modifier vos param\u00e8tres de cookies. Ces param\u00e8tres sont accessibles via le menu des options ou des pr\u00e9f\u00e9rences de votre navigateur. Chaque navigateur fonctionnant diff\u00e9remment, la fonction d&rsquo;aide de votre navigateur vous guidera tout au long du processus.    <\/p><ul><li>Internet Explorer: windows.microsoft.com\/es-xl\/internet-explorer\/delete-manage-cookies#ie=\u00bbie-10\u2033<\/li><li>FireFox: support.mozilla.org\/es\/kb\/Borrar%20cookies<\/li><li>Chrome: support.google.com\/chrome\/answer\/95647?hl=\u00bbes\u00bb<\/li><li>Safari: www.apple.com\/es\/privacy\/use-of-cookies\/<\/li><\/ul><p>Vous trouverez ci-dessous des informations et des instructions sur la mani\u00e8re d&rsquo;acc\u00e9der au menu des param\u00e8tres des cookies et, le cas \u00e9ch\u00e9ant, aux param\u00e8tres de navigation priv\u00e9e dans chacun des principaux navigateurs :<\/p><ul><li>Internet Explorer: Outils -&gt; Options Internet -&gt; Confidentialit\u00e9 -&gt; Configuration. Pour plus d\u2019informations, vous pouvez consulter le support Microsoft ou l\u2019aide de votre navigateur. <\/li><li>Firefox: Outils -&gt; Options -&gt; Confidentialit\u00e9 -&gt; Enregistrer -&gt; Configuration personnalis\u00e9e. Pour plus d\u2019informations, veuillez consulter le support Mozilla ou l\u2019aide de votre navigateur. <\/li><li>Chrome: Configuration -&gt; Afficher les options avanc\u00e9es -&gt; Confidentialit\u00e9 -&gt; Param\u00e8tres de contenu. Pour plus d\u2019informations, vous pouvez consulter le support Google ou l\u2019aide de votre navigateur. <\/li><li>Safari: Pr\u00e9f\u00e9rences -&gt; S\u00e9curit\u00e9. Pour plus d\u2019informations, vous pouvez consulter le support Apple ou l\u2019aide de votre navigateur. <\/li><\/ul><p>De m\u00eame, il existe des outils pour g\u00e9rer le stockage de vos cookies, tels que les suivants :<\/p><ul><li>Ghostery: www.ghostery.com\/<\/li><li>Your online choices: www.youronlinechoices.com\/es\/<\/li><\/ul><p>Dans tous les cas, vous pouvez trouver plus d&rsquo;informations \u00e0 ce sujet et d\u00e9sactiver l&rsquo;utilisation de ces cookies. www.google.es\/intl\/es\/analytics\/privacyoverview.html .<\/p><p> <\/p><p><strong>6. INFORMATIONS SUR LES TRANSFERTS DE DONN\u00c9ES VERS DES PAYS TIERS<\/strong><\/p><p>En cas de transfert de donn\u00e9es \u00e0 caract\u00e8re personnel vers un pays tiers ou une organisation internationale, et dans le cas des transferts vis\u00e9s \u00e0 l\u2019article 49, paragraphe 1, deuxi\u00e8me alin\u00e9a du RGPD, ceux-ci doivent \u00eatre effectu\u00e9s avec des garanties appropri\u00e9es.<\/p><p> <\/p><p><strong>7.- DUR\u00c9E DE CONSERVATION DES DONN\u00c9ES COLLECT\u00c9ES<\/strong><\/p><p>Zarda conservera les donn\u00e9es pendant une dur\u00e9e n&rsquo;exc\u00e9dant pas celle n\u00e9cessaire aux fins d\u00e9crites ci-dessus, sans pr\u00e9judice de la conservation qui pourrait \u00eatre n\u00e9cessaire \u00e0 la formulation, \u00e0 l&rsquo;exercice ou \u00e0 la d\u00e9fense de droits potentiels et\/ou autoris\u00e9e par la loi applicable.<\/p><p> <\/p><p><strong>8. MISES \u00c0 JOUR ET MODIFICATIONS DE LA POLITIQUE RELATIVE AUX COOKIES DU SITE WEB<\/strong><\/p><p>Le site web de Zarda peut modifier la pr\u00e9sente Politique relative aux cookies conform\u00e9ment aux exigences l\u00e9gales ou r\u00e9glementaires, ou pour l&rsquo;adapter aux directives de l&rsquo;Agence espagnole de protection des donn\u00e9es. Par cons\u00e9quent, nous conseillons aux utilisateurs de la consulter r\u00e9guli\u00e8rement. En cas de modifications importantes de cette Politique relative aux cookies, les utilisateurs seront inform\u00e9s via le site web. Pour toute question, veuillez nous contacter \u00e0 l&rsquo;adresse \u00e9lectronique suivante : <a href=\"mailto:info@zarda.es\">info@zarda.es<\/a>.  <\/p><p> <\/p><p><strong>9. AUTRES INFORMATIONS RELATIVES \u00c0 L&rsquo;ARTICLE 13 DU RGPD<\/strong><\/p><p>Concernant les informations requises par l&rsquo;article 13 du RGPD qui ne font pas sp\u00e9cifiquement r\u00e9f\u00e9rence aux cookies, elles sont disponibles pour l&rsquo;utilisateur dans la politique de confidentialit\u00e9 du site web.<\/p>\t\t\t\t\t\t\t\t<\/div>\n\t\t\t\t\t<\/div>\n\t\t\t\t<\/div>\n\t\t\t\t<\/div>\n\t\t","protected":false},"excerpt":{"rendered":"<p>POLITIQUE DE COOKIES 1. UTILISATION DES COOKIES Les cookies sont des fichiers plac\u00e9s sur votre ordinateur pour recueillir des informations de connexion Internet et des donn\u00e9es relatives \u00e0 votre comportement. Ils permettent de comprendre comment vous interagissez avec le site web et d&rsquo;\u00e9tablir des statistiques sur son activit\u00e9. 2. UTILISATION DES COOKIES SUR LE SITE [&hellip;]<\/p>\n","protected":false},"author":1,"featured_media":0,"parent":0,"menu_order":0,"comment_status":"closed","ping_status":"closed","template":"","meta":{"footnotes":""},"class_list":["post-1873","page","type-page","status-publish","hentry"],"yoast_head":"<!-- This site is optimized with the Yoast SEO plugin v27.1.1 - https:\/\/yoast.com\/product\/yoast-seo-wordpress\/ -->\n<title>Politique de cookies - Zard\u00e1<\/title>\n<meta name=\"robots\" content=\"noindex, nofollow\" \/>\n<meta property=\"og:locale\" content=\"fr_FR\" \/>\n<meta property=\"og:type\" content=\"article\" \/>\n<meta property=\"og:title\" content=\"Politique de cookies - Zard\u00e1\" \/>\n<meta property=\"og:description\" content=\"POLITIQUE DE COOKIES 1. UTILISATION DES COOKIES Les cookies sont des fichiers plac\u00e9s sur votre ordinateur pour recueillir des informations de connexion Internet et des donn\u00e9es relatives \u00e0 votre comportement. Ils permettent de comprendre comment vous interagissez avec le site web et d&rsquo;\u00e9tablir des statistiques sur son activit\u00e9. 2. UTILISATION DES COOKIES SUR LE SITE [&hellip;]\" \/>\n<meta property=\"og:url\" content=\"https:\/\/zarda.es\/fr\/politique-de-cookies\/\" \/>\n<meta property=\"og:site_name\" content=\"Zard\u00e1\" \/>\n<meta property=\"article:modified_time\" content=\"2026-03-05T11:39:08+00:00\" \/>\n<meta property=\"og:image\" content=\"https:\/\/zarda.es\/wp-content\/uploads\/2025\/11\/LOGO.png\" \/>\n\t<meta property=\"og:image:width\" content=\"560\" \/>\n\t<meta property=\"og:image:height\" content=\"213\" \/>\n\t<meta property=\"og:image:type\" content=\"image\/png\" \/>\n<meta name=\"twitter:card\" content=\"summary_large_image\" \/>\n<meta name=\"twitter:label1\" content=\"Dur\u00e9e de lecture estim\u00e9e\" \/>\n\t<meta name=\"twitter:data1\" content=\"1 minute\" \/>\n<script type=\"application\/ld+json\" class=\"yoast-schema-graph\">{\"@context\":\"https:\/\/schema.org\",\"@graph\":[{\"@type\":\"WebPage\",\"@id\":\"https:\/\/zarda.es\/fr\/politique-de-cookies\/\",\"url\":\"https:\/\/zarda.es\/fr\/politique-de-cookies\/\",\"name\":\"Politique de cookies - Zard\u00e1\",\"isPartOf\":{\"@id\":\"https:\/\/zarda.es\/fr\/#website\"},\"datePublished\":\"2025-12-09T11:38:07+00:00\",\"dateModified\":\"2026-03-05T11:39:08+00:00\",\"breadcrumb\":{\"@id\":\"https:\/\/zarda.es\/fr\/politique-de-cookies\/#breadcrumb\"},\"inLanguage\":\"fr-FR\",\"potentialAction\":[{\"@type\":\"ReadAction\",\"target\":[\"https:\/\/zarda.es\/fr\/politique-de-cookies\/\"]}]},{\"@type\":\"BreadcrumbList\",\"@id\":\"https:\/\/zarda.es\/fr\/politique-de-cookies\/#breadcrumb\",\"itemListElement\":[{\"@type\":\"ListItem\",\"position\":1,\"name\":\"Accueil\",\"item\":\"https:\/\/zarda.es\/fr\/\"},{\"@type\":\"ListItem\",\"position\":2,\"name\":\"Politique de cookies\"}]},{\"@type\":\"WebSite\",\"@id\":\"https:\/\/zarda.es\/fr\/#website\",\"url\":\"https:\/\/zarda.es\/fr\/\",\"name\":\"Zard\u00e1\",\"description\":\"Fabricante de sof\u00e1s y sillones cama para los canales hogar y contract.\",\"publisher\":{\"@id\":\"https:\/\/zarda.es\/fr\/#organization\"},\"potentialAction\":[{\"@type\":\"SearchAction\",\"target\":{\"@type\":\"EntryPoint\",\"urlTemplate\":\"https:\/\/zarda.es\/fr\/?s={search_term_string}\"},\"query-input\":{\"@type\":\"PropertyValueSpecification\",\"valueRequired\":true,\"valueName\":\"search_term_string\"}}],\"inLanguage\":\"fr-FR\"},{\"@type\":\"Organization\",\"@id\":\"https:\/\/zarda.es\/fr\/#organization\",\"name\":\"ZARD\u00c1 CONCEPT S.L\",\"alternateName\":\"ZARD\u00c1\",\"url\":\"https:\/\/zarda.es\/fr\/\",\"logo\":{\"@type\":\"ImageObject\",\"inLanguage\":\"fr-FR\",\"@id\":\"https:\/\/zarda.es\/fr\/#\/schema\/logo\/image\/\",\"url\":\"https:\/\/zarda.es\/wp-content\/uploads\/2025\/11\/LOGO.png\",\"contentUrl\":\"https:\/\/zarda.es\/wp-content\/uploads\/2025\/11\/LOGO.png\",\"width\":560,\"height\":213,\"caption\":\"ZARD\u00c1 CONCEPT S.L\"},\"image\":{\"@id\":\"https:\/\/zarda.es\/fr\/#\/schema\/logo\/image\/\"}}]}<\/script>\n<!-- \/ Yoast SEO plugin. -->","yoast_head_json":{"title":"Politique de cookies - Zard\u00e1","robots":{"index":"noindex","follow":"nofollow"},"og_locale":"fr_FR","og_type":"article","og_title":"Politique de cookies - Zard\u00e1","og_description":"POLITIQUE DE COOKIES 1. UTILISATION DES COOKIES Les cookies sont des fichiers plac\u00e9s sur votre ordinateur pour recueillir des informations de connexion Internet et des donn\u00e9es relatives \u00e0 votre comportement. Ils permettent de comprendre comment vous interagissez avec le site web et d&rsquo;\u00e9tablir des statistiques sur son activit\u00e9. 2. UTILISATION DES COOKIES SUR LE SITE [&hellip;]","og_url":"https:\/\/zarda.es\/fr\/politique-de-cookies\/","og_site_name":"Zard\u00e1","article_modified_time":"2026-03-05T11:39:08+00:00","og_image":[{"width":560,"height":213,"url":"https:\/\/zarda.es\/wp-content\/uploads\/2025\/11\/LOGO.png","type":"image\/png"}],"twitter_card":"summary_large_image","twitter_misc":{"Dur\u00e9e de lecture estim\u00e9e":"1 minute"},"schema":{"@context":"https:\/\/schema.org","@graph":[{"@type":"WebPage","@id":"https:\/\/zarda.es\/fr\/politique-de-cookies\/","url":"https:\/\/zarda.es\/fr\/politique-de-cookies\/","name":"Politique de cookies - Zard\u00e1","isPartOf":{"@id":"https:\/\/zarda.es\/fr\/#website"},"datePublished":"2025-12-09T11:38:07+00:00","dateModified":"2026-03-05T11:39:08+00:00","breadcrumb":{"@id":"https:\/\/zarda.es\/fr\/politique-de-cookies\/#breadcrumb"},"inLanguage":"fr-FR","potentialAction":[{"@type":"ReadAction","target":["https:\/\/zarda.es\/fr\/politique-de-cookies\/"]}]},{"@type":"BreadcrumbList","@id":"https:\/\/zarda.es\/fr\/politique-de-cookies\/#breadcrumb","itemListElement":[{"@type":"ListItem","position":1,"name":"Accueil","item":"https:\/\/zarda.es\/fr\/"},{"@type":"ListItem","position":2,"name":"Politique de cookies"}]},{"@type":"WebSite","@id":"https:\/\/zarda.es\/fr\/#website","url":"https:\/\/zarda.es\/fr\/","name":"Zard\u00e1","description":"Fabricante de sof\u00e1s y sillones cama para los canales hogar y contract.","publisher":{"@id":"https:\/\/zarda.es\/fr\/#organization"},"potentialAction":[{"@type":"SearchAction","target":{"@type":"EntryPoint","urlTemplate":"https:\/\/zarda.es\/fr\/?s={search_term_string}"},"query-input":{"@type":"PropertyValueSpecification","valueRequired":true,"valueName":"search_term_string"}}],"inLanguage":"fr-FR"},{"@type":"Organization","@id":"https:\/\/zarda.es\/fr\/#organization","name":"ZARD\u00c1 CONCEPT S.L","alternateName":"ZARD\u00c1","url":"https:\/\/zarda.es\/fr\/","logo":{"@type":"ImageObject","inLanguage":"fr-FR","@id":"https:\/\/zarda.es\/fr\/#\/schema\/logo\/image\/","url":"https:\/\/zarda.es\/wp-content\/uploads\/2025\/11\/LOGO.png","contentUrl":"https:\/\/zarda.es\/wp-content\/uploads\/2025\/11\/LOGO.png","width":560,"height":213,"caption":"ZARD\u00c1 CONCEPT S.L"},"image":{"@id":"https:\/\/zarda.es\/fr\/#\/schema\/logo\/image\/"}}]}},"_links":{"self":[{"href":"https:\/\/zarda.es\/fr\/wp-json\/wp\/v2\/pages\/1873","targetHints":{"allow":["GET"]}}],"collection":[{"href":"https:\/\/zarda.es\/fr\/wp-json\/wp\/v2\/pages"}],"about":[{"href":"https:\/\/zarda.es\/fr\/wp-json\/wp\/v2\/types\/page"}],"author":[{"embeddable":true,"href":"https:\/\/zarda.es\/fr\/wp-json\/wp\/v2\/users\/1"}],"replies":[{"embeddable":true,"href":"https:\/\/zarda.es\/fr\/wp-json\/wp\/v2\/comments?post=1873"}],"version-history":[{"count":0,"href":"https:\/\/zarda.es\/fr\/wp-json\/wp\/v2\/pages\/1873\/revisions"}],"wp:attachment":[{"href":"https:\/\/zarda.es\/fr\/wp-json\/wp\/v2\/media?parent=1873"}],"curies":[{"name":"wp","href":"https:\/\/api.w.org\/{rel}","templated":true}]}}