{"id":1830,"date":"2025-12-04T11:34:01","date_gmt":"2025-12-04T10:34:01","guid":{"rendered":"https:\/\/zarda.es\/empresa\/"},"modified":"2026-02-09T13:49:28","modified_gmt":"2026-02-09T13:49:28","slug":"empresa","status":"publish","type":"page","link":"https:\/\/zarda.es\/fr\/empresa\/","title":{"rendered":"Entreprise"},"content":{"rendered":"\t\t<div data-elementor-type=\"wp-page\" data-elementor-id=\"1830\" class=\"elementor elementor-1830 elementor-294\" data-elementor-post-type=\"page\">\n\t\t\t\t<div class=\"elementor-element elementor-element-5cee9a3 e-flex e-con-boxed e-con e-parent\" data-id=\"5cee9a3\" data-element_type=\"container\" data-e-type=\"container\" data-settings=\"{&quot;background_background&quot;:&quot;classic&quot;,&quot;background_motion_fx_motion_fx_scrolling&quot;:&quot;yes&quot;,&quot;jet_parallax_layout_list&quot;:[],&quot;background_motion_fx_devices&quot;:[&quot;desktop&quot;,&quot;tablet&quot;,&quot;mobile&quot;]}\">\n\t\t\t\t\t<div class=\"e-con-inner\">\n\t\t\t\t\t<\/div>\n\t\t\t\t<\/div>\n\t\t<div class=\"elementor-element elementor-element-402ed2d e-flex e-con-boxed e-con e-parent\" data-id=\"402ed2d\" data-element_type=\"container\" data-e-type=\"container\" data-settings=\"{&quot;jet_parallax_layout_list&quot;:[]}\">\n\t\t\t\t\t<div class=\"e-con-inner\">\n\t\t<div class=\"elementor-element elementor-element-455a04b e-con-full e-flex e-con e-child\" data-id=\"455a04b\" data-element_type=\"container\" data-e-type=\"container\" data-settings=\"{&quot;jet_parallax_layout_list&quot;:[]}\">\n\t\t<div class=\"elementor-element elementor-element-00f81e7 e-con-full e-flex e-con e-child\" data-id=\"00f81e7\" data-element_type=\"container\" data-e-type=\"container\" data-settings=\"{&quot;jet_parallax_layout_list&quot;:[]}\">\n\t\t\t\t<div class=\"elementor-element elementor-element-a5f7c79 elementor-invisible elementor-widget elementor-widget-heading\" data-id=\"a5f7c79\" data-element_type=\"widget\" data-e-type=\"widget\" data-settings=\"{&quot;_animation&quot;:&quot;fadeInLeft&quot;}\" data-widget_type=\"heading.default\">\n\t\t\t\t\t<h2 class=\"elementor-heading-title elementor-size-default\">N\u00d4TRE HISTOIRE<\/h2>\t\t\t\t<\/div>\n\t\t\t\t<\/div>\n\t\t<div class=\"elementor-element elementor-element-dc68e04 e-con-full e-flex e-con e-child\" data-id=\"dc68e04\" data-element_type=\"container\" data-e-type=\"container\" data-settings=\"{&quot;jet_parallax_layout_list&quot;:[]}\">\n\t\t\t\t<div class=\"elementor-element elementor-element-e6ee89a elementor-invisible elementor-widget elementor-widget-heading\" data-id=\"e6ee89a\" data-element_type=\"widget\" data-e-type=\"widget\" data-settings=\"{&quot;_animation&quot;:&quot;fadeInDown&quot;}\" data-widget_type=\"heading.default\">\n\t\t\t\t\t<h2 class=\"elementor-heading-title elementor-size-default\">Nous cr\u00e9ons<br>des produits qui<br>racontent une histoire<\/h2>\t\t\t\t<\/div>\n\t\t\t\t<\/div>\n\t\t<div class=\"elementor-element elementor-element-ac6b9ce e-con-full e-flex e-con e-child\" data-id=\"ac6b9ce\" data-element_type=\"container\" data-e-type=\"container\" data-settings=\"{&quot;jet_parallax_layout_list&quot;:[]}\">\n\t\t\t\t<\/div>\n\t\t<div class=\"elementor-element elementor-element-0f3c369 e-con-full e-flex e-con e-child\" data-id=\"0f3c369\" data-element_type=\"container\" data-e-type=\"container\" data-settings=\"{&quot;jet_parallax_layout_list&quot;:[]}\">\n\t\t\t\t<\/div>\n\t\t\t\t<\/div>\n\t\t<div class=\"elementor-element elementor-element-efa7969 e-con-full e-flex e-con e-child\" data-id=\"efa7969\" data-element_type=\"container\" data-e-type=\"container\" data-settings=\"{&quot;jet_parallax_layout_list&quot;:[]}\">\n\t\t<div class=\"elementor-element elementor-element-1b38fbb e-con-full e-flex e-con e-child\" data-id=\"1b38fbb\" data-element_type=\"container\" data-e-type=\"container\" data-settings=\"{&quot;jet_parallax_layout_list&quot;:[]}\">\n\t\t\t\t<\/div>\n\t\t<div class=\"elementor-element elementor-element-8429c2a e-con-full e-flex e-con e-child\" data-id=\"8429c2a\" data-element_type=\"container\" data-e-type=\"container\" data-settings=\"{&quot;jet_parallax_layout_list&quot;:[]}\">\n\t\t\t\t<div class=\"elementor-element elementor-element-1d72a75 elementor-invisible elementor-widget elementor-widget-text-editor\" data-id=\"1d72a75\" data-element_type=\"widget\" data-e-type=\"widget\" data-settings=\"{&quot;_animation&quot;:&quot;fadeInLeft&quot;}\" data-widget_type=\"text-editor.default\">\n\t\t\t\t\t\t\t\t\t<p>L\u2019histoire commence chez Zard\u00e1 Concept, la deuxi\u00e8me g\u00e9n\u00e9ration d\u2019une entreprise familiale d\u00e9di\u00e9e aux canap\u00e9s-lits, forte de plus de 50 ans d\u2019exp\u00e9rience sur le march\u00e9.<\/p><p>Un jour, Carmen transmet \u00e0 son \u00e9quipe une inspiration bas\u00e9e sur un mod\u00e8le de canap\u00e9 design \u2014celui qui fait tellement mal au porte-monnaie qu\u2019au final, seul un groupe de privil\u00e9gi\u00e9s peut l\u2019acqu\u00e9rir\u2014.<\/p><p>Nous l\u2019aimons tous et voyons son potentiel,. c\u2019est parti !<\/p><p>Paco d\u00e9veloppe l\u2019ossature des assises, des accoudoirs et des dossiers. Il faut \u00e9galement v\u00e9rifier que l\u2019adaptabilit\u00e9 du sommier convertible n\u2019alt\u00e8re pas l\u2019ergonomie de l\u2019assise. Cependant, apr\u00e8s tant de travail, notre designer Ana doit peaufiner quelques d\u00e9tails pour cerner ce que Carmen avait en t\u00eate.<\/p>\t\t\t\t\t\t\t\t<\/div>\n\t\t\t\t<\/div>\n\t\t<div class=\"elementor-element elementor-element-a43ec11 e-con-full e-flex e-con e-child\" data-id=\"a43ec11\" data-element_type=\"container\" data-e-type=\"container\" data-settings=\"{&quot;jet_parallax_layout_list&quot;:[]}\">\n\t\t\t\t<div class=\"elementor-element elementor-element-0aa2324 elementor-invisible elementor-widget elementor-widget-text-editor\" data-id=\"0aa2324\" data-element_type=\"widget\" data-e-type=\"widget\" data-settings=\"{&quot;_animation&quot;:&quot;fadeInLeft&quot;}\" data-widget_type=\"text-editor.default\">\n\t\t\t\t\t\t\t\t\t<p>Il reste encore un dernier effort pour entrevoir le produit final.<\/p><p>Apr\u00e8s quelques ajustements, nous y sommes ! Nous avons r\u00e9alis\u00e9 une adaptation commerciale d\u2019un produit exclusif.<\/p><p>En tenant compte qu\u2019il s\u2019agit d\u2019un canap\u00e9 convertible.<\/p><p>Photographie, mise en page et impression. Ensuite, notre commercial vous le pr\u00e9sente, et c\u2019est alors que notre histoire s\u2019entrem\u00eale \u00e0 la v\u00f4tre.<\/p><p><em><strong>Nous vous invitons donc \u00e0 la poursuivre.<\/strong><\/em><\/p>\t\t\t\t\t\t\t\t<\/div>\n\t\t\t\t<\/div>\n\t\t\t\t<\/div>\n\t\t\t\t\t<\/div>\n\t\t\t\t<\/div>\n\t\t<div class=\"elementor-element elementor-element-5a15a18 e-flex e-con-boxed e-con e-parent\" data-id=\"5a15a18\" data-element_type=\"container\" data-e-type=\"container\" data-settings=\"{&quot;background_background&quot;:&quot;classic&quot;,&quot;background_motion_fx_motion_fx_scrolling&quot;:&quot;yes&quot;,&quot;jet_parallax_layout_list&quot;:[],&quot;background_motion_fx_devices&quot;:[&quot;desktop&quot;,&quot;tablet&quot;,&quot;mobile&quot;]}\">\n\t\t\t\t\t<div class=\"e-con-inner\">\n\t\t\t\t\t<\/div>\n\t\t\t\t<\/div>\n\t\t<div class=\"elementor-element elementor-element-82f90a0 e-flex e-con-boxed e-con e-parent\" data-id=\"82f90a0\" data-element_type=\"container\" data-e-type=\"container\" data-settings=\"{&quot;jet_parallax_layout_list&quot;:[]}\">\n\t\t\t\t\t<div class=\"e-con-inner\">\n\t\t<div class=\"elementor-element elementor-element-7a15f61 e-con-full e-flex e-con e-child\" data-id=\"7a15f61\" data-element_type=\"container\" data-e-type=\"container\" data-settings=\"{&quot;jet_parallax_layout_list&quot;:[]}\">\n\t\t<div class=\"elementor-element elementor-element-ab32d1d e-con-full e-flex e-con e-child\" data-id=\"ab32d1d\" data-element_type=\"container\" data-e-type=\"container\" data-settings=\"{&quot;jet_parallax_layout_list&quot;:[]}\">\n\t\t\t\t<div class=\"elementor-element elementor-element-57080d8 elementor-invisible elementor-widget elementor-widget-heading\" data-id=\"57080d8\" data-element_type=\"widget\" data-e-type=\"widget\" data-settings=\"{&quot;_animation&quot;:&quot;fadeInLeft&quot;}\" data-widget_type=\"heading.default\">\n\t\t\t\t\t<h2 class=\"elementor-heading-title elementor-size-default\">POURQUOI ZARD\u00c1?<\/h2>\t\t\t\t<\/div>\n\t\t\t\t<div class=\"elementor-element elementor-element-4795fa6 elementor-widget elementor-widget-spacer\" data-id=\"4795fa6\" data-element_type=\"widget\" data-e-type=\"widget\" data-widget_type=\"spacer.default\">\n\t\t\t\t\t\t\t<div class=\"elementor-spacer\">\n\t\t\t<div class=\"elementor-spacer-inner\"><\/div>\n\t\t<\/div>\n\t\t\t\t\t\t<\/div>\n\t\t\t\t<div class=\"elementor-element elementor-element-3e9eb20 elementor-invisible elementor-widget elementor-widget-text-editor\" data-id=\"3e9eb20\" data-element_type=\"widget\" data-e-type=\"widget\" data-settings=\"{&quot;_animation&quot;:&quot;fadeInLeft&quot;}\" data-widget_type=\"text-editor.default\">\n\t\t\t\t\t\t\t\t\tLa polyvalence du canap\u00e9-lit vous permet de profiter de son utilisation de jour comme de nuit.<br><br>L\u2019\u00e9volution de son design a progress\u00e9 au fil du temps, devenant un \u00e9l\u00e9ment essentiel dans diff\u00e9rents domaines de notre vie, que ce soit dans nos maisons, nos h\u00f4tels, lors de nos croisi\u00e8res ou nos h\u00f4pitaux.\t\t\t\t\t\t\t\t<\/div>\n\t\t\t\t<\/div>\n\t\t<div class=\"elementor-element elementor-element-e670a86 e-con-full e-flex e-con e-child\" data-id=\"e670a86\" data-element_type=\"container\" data-e-type=\"container\" data-settings=\"{&quot;jet_parallax_layout_list&quot;:[]}\">\n\t\t\t\t<\/div>\n\t\t\t\t<\/div>\n\t\t<div class=\"elementor-element elementor-element-68c0eb7 e-con-full e-flex e-con e-child\" data-id=\"68c0eb7\" data-element_type=\"container\" data-e-type=\"container\" data-settings=\"{&quot;jet_parallax_layout_list&quot;:[]}\">\n\t\t<div class=\"elementor-element elementor-element-c901b34 e-con-full e-flex e-con e-child\" data-id=\"c901b34\" data-element_type=\"container\" data-e-type=\"container\" data-settings=\"{&quot;jet_parallax_layout_list&quot;:[]}\">\n\t\t\t\t<div class=\"elementor-element elementor-element-e2e1485 elementor-widget elementor-widget-image\" data-id=\"e2e1485\" data-element_type=\"widget\" data-e-type=\"widget\" data-widget_type=\"image.default\">\n\t\t\t\t\t\t\t\t\t\t\t\t\t\t\t<img fetchpriority=\"high\" decoding=\"async\" width=\"480\" height=\"640\" src=\"https:\/\/zarda.es\/wp-content\/uploads\/2025\/12\/Porque_Zarda2.jpg\" class=\"attachment-large size-large wp-image-1835\" alt=\"\" srcset=\"https:\/\/zarda.es\/wp-content\/uploads\/2025\/12\/Porque_Zarda2.jpg 480w, https:\/\/zarda.es\/wp-content\/uploads\/2025\/12\/Porque_Zarda2-225x300.jpg 225w\" sizes=\"(max-width: 480px) 100vw, 480px\" \/>\t\t\t\t\t\t\t\t\t\t\t\t\t\t\t<\/div>\n\t\t\t\t<\/div>\n\t\t<div class=\"elementor-element elementor-element-6f38126 e-con-full e-flex e-con e-child\" data-id=\"6f38126\" data-element_type=\"container\" data-e-type=\"container\" data-settings=\"{&quot;jet_parallax_layout_list&quot;:[]}\">\n\t\t\t\t<div class=\"elementor-element elementor-element-03be4e0 elementor-invisible elementor-widget elementor-widget-text-editor\" data-id=\"03be4e0\" data-element_type=\"widget\" data-e-type=\"widget\" data-settings=\"{&quot;_animation&quot;:&quot;fadeInRight&quot;}\" data-widget_type=\"text-editor.default\">\n\t\t\t\t\t\t\t\t\t<p>\u00c0 cet effet, la mission de ce catalogue est de vous aider \u00e0 s\u00e9lectionner le canap\u00e9 qui s\u2019adaptera le mieux \u00e0 l\u2019espace dont vous disposez.<\/p><p>Nous innovons non seulement dans les nouveaux designs, qui vous permettent de cr\u00e9er une ambiance personnalis\u00e9e, mais aussi dans la mani\u00e8re de les pr\u00e9senter, en introduisant l\u2019utilisation de vid\u00e9os afin que l\u2019exp\u00e9rience de recherche et de s\u00e9lection des produits soit la plus compl\u00e8te possible.<\/p><p>.<\/p><p>.<\/p>\t\t\t\t\t\t\t\t<\/div>\n\t\t\t\t<\/div>\n\t\t\t\t<\/div>\n\t\t\t\t\t<\/div>\n\t\t\t\t<\/div>\n\t\t\t\t<\/div>\n\t\t","protected":false},"excerpt":{"rendered":"<p>N\u00d4TRE HISTOIRE Nous cr\u00e9onsdes produits quiracontent une histoire L\u2019histoire commence chez Zard\u00e1 Concept, la deuxi\u00e8me g\u00e9n\u00e9ration d\u2019une entreprise familiale d\u00e9di\u00e9e aux canap\u00e9s-lits, forte de plus de 50 ans d\u2019exp\u00e9rience sur le march\u00e9. Un jour, Carmen transmet \u00e0 son \u00e9quipe une inspiration bas\u00e9e sur un mod\u00e8le de canap\u00e9 design \u2014celui qui fait tellement mal au porte-monnaie [&hellip;]<\/p>\n","protected":false},"author":1,"featured_media":0,"parent":0,"menu_order":0,"comment_status":"closed","ping_status":"closed","template":"","meta":{"footnotes":""},"class_list":["post-1830","page","type-page","status-publish","hentry"],"yoast_head":"<!-- This site is optimized with the Yoast SEO plugin v27.1.1 - https:\/\/yoast.com\/product\/yoast-seo-wordpress\/ -->\n<title>Entreprise - Zard\u00e1<\/title>\n<meta name=\"robots\" content=\"index, follow, max-snippet:-1, max-image-preview:large, max-video-preview:-1\" \/>\n<link rel=\"canonical\" href=\"https:\/\/zarda.es\/fr\/empresa\/\" \/>\n<meta property=\"og:locale\" content=\"fr_FR\" \/>\n<meta property=\"og:type\" content=\"article\" \/>\n<meta property=\"og:title\" content=\"Entreprise - Zard\u00e1\" \/>\n<meta property=\"og:description\" content=\"N\u00d4TRE HISTOIRE Nous cr\u00e9onsdes produits quiracontent une histoire L\u2019histoire commence chez Zard\u00e1 Concept, la deuxi\u00e8me g\u00e9n\u00e9ration d\u2019une entreprise familiale d\u00e9di\u00e9e aux canap\u00e9s-lits, forte de plus de 50 ans d\u2019exp\u00e9rience sur le march\u00e9. Un jour, Carmen transmet \u00e0 son \u00e9quipe une inspiration bas\u00e9e sur un mod\u00e8le de canap\u00e9 design \u2014celui qui fait tellement mal au porte-monnaie [&hellip;]\" \/>\n<meta property=\"og:url\" content=\"https:\/\/zarda.es\/fr\/empresa\/\" \/>\n<meta property=\"og:site_name\" content=\"Zard\u00e1\" \/>\n<meta property=\"article:modified_time\" content=\"2026-02-09T13:49:28+00:00\" \/>\n<meta property=\"og:image\" content=\"https:\/\/zarda.es\/wp-content\/uploads\/2025\/12\/Porque_Zarda2.jpg\" \/>\n\t<meta property=\"og:image:width\" content=\"480\" \/>\n\t<meta property=\"og:image:height\" content=\"640\" \/>\n\t<meta property=\"og:image:type\" content=\"image\/jpeg\" \/>\n<meta name=\"twitter:card\" content=\"summary_large_image\" \/>\n<meta name=\"twitter:label1\" content=\"Dur\u00e9e de lecture estim\u00e9e\" \/>\n\t<meta name=\"twitter:data1\" content=\"2 minutes\" \/>\n<script type=\"application\/ld+json\" class=\"yoast-schema-graph\">{\"@context\":\"https:\/\/schema.org\",\"@graph\":[{\"@type\":\"WebPage\",\"@id\":\"https:\/\/zarda.es\/fr\/empresa\/\",\"url\":\"https:\/\/zarda.es\/fr\/empresa\/\",\"name\":\"Entreprise - Zard\u00e1\",\"isPartOf\":{\"@id\":\"https:\/\/zarda.es\/fr\/#website\"},\"primaryImageOfPage\":{\"@id\":\"https:\/\/zarda.es\/fr\/empresa\/#primaryimage\"},\"image\":{\"@id\":\"https:\/\/zarda.es\/fr\/empresa\/#primaryimage\"},\"thumbnailUrl\":\"https:\/\/zarda.es\/wp-content\/uploads\/2025\/12\/Porque_Zarda2.jpg\",\"datePublished\":\"2025-12-04T10:34:01+00:00\",\"dateModified\":\"2026-02-09T13:49:28+00:00\",\"breadcrumb\":{\"@id\":\"https:\/\/zarda.es\/fr\/empresa\/#breadcrumb\"},\"inLanguage\":\"fr-FR\",\"potentialAction\":[{\"@type\":\"ReadAction\",\"target\":[\"https:\/\/zarda.es\/fr\/empresa\/\"]}]},{\"@type\":\"ImageObject\",\"inLanguage\":\"fr-FR\",\"@id\":\"https:\/\/zarda.es\/fr\/empresa\/#primaryimage\",\"url\":\"https:\/\/zarda.es\/wp-content\/uploads\/2025\/12\/Porque_Zarda2.jpg\",\"contentUrl\":\"https:\/\/zarda.es\/wp-content\/uploads\/2025\/12\/Porque_Zarda2.jpg\"},{\"@type\":\"BreadcrumbList\",\"@id\":\"https:\/\/zarda.es\/fr\/empresa\/#breadcrumb\",\"itemListElement\":[{\"@type\":\"ListItem\",\"position\":1,\"name\":\"Accueil\",\"item\":\"https:\/\/zarda.es\/fr\/\"},{\"@type\":\"ListItem\",\"position\":2,\"name\":\"Entreprise\"}]},{\"@type\":\"WebSite\",\"@id\":\"https:\/\/zarda.es\/fr\/#website\",\"url\":\"https:\/\/zarda.es\/fr\/\",\"name\":\"Zard\u00e1\",\"description\":\"Fabricante de sof\u00e1s y sillones cama para los canales hogar y contract.\",\"publisher\":{\"@id\":\"https:\/\/zarda.es\/fr\/#organization\"},\"potentialAction\":[{\"@type\":\"SearchAction\",\"target\":{\"@type\":\"EntryPoint\",\"urlTemplate\":\"https:\/\/zarda.es\/fr\/?s={search_term_string}\"},\"query-input\":{\"@type\":\"PropertyValueSpecification\",\"valueRequired\":true,\"valueName\":\"search_term_string\"}}],\"inLanguage\":\"fr-FR\"},{\"@type\":\"Organization\",\"@id\":\"https:\/\/zarda.es\/fr\/#organization\",\"name\":\"ZARD\u00c1 CONCEPT S.L\",\"alternateName\":\"ZARD\u00c1\",\"url\":\"https:\/\/zarda.es\/fr\/\",\"logo\":{\"@type\":\"ImageObject\",\"inLanguage\":\"fr-FR\",\"@id\":\"https:\/\/zarda.es\/fr\/#\/schema\/logo\/image\/\",\"url\":\"https:\/\/zarda.es\/wp-content\/uploads\/2025\/11\/LOGO.png\",\"contentUrl\":\"https:\/\/zarda.es\/wp-content\/uploads\/2025\/11\/LOGO.png\",\"width\":560,\"height\":213,\"caption\":\"ZARD\u00c1 CONCEPT S.L\"},\"image\":{\"@id\":\"https:\/\/zarda.es\/fr\/#\/schema\/logo\/image\/\"}}]}<\/script>\n<!-- \/ Yoast SEO plugin. -->","yoast_head_json":{"title":"Entreprise - Zard\u00e1","robots":{"index":"index","follow":"follow","max-snippet":"max-snippet:-1","max-image-preview":"max-image-preview:large","max-video-preview":"max-video-preview:-1"},"canonical":"https:\/\/zarda.es\/fr\/empresa\/","og_locale":"fr_FR","og_type":"article","og_title":"Entreprise - Zard\u00e1","og_description":"N\u00d4TRE HISTOIRE Nous cr\u00e9onsdes produits quiracontent une histoire L\u2019histoire commence chez Zard\u00e1 Concept, la deuxi\u00e8me g\u00e9n\u00e9ration d\u2019une entreprise familiale d\u00e9di\u00e9e aux canap\u00e9s-lits, forte de plus de 50 ans d\u2019exp\u00e9rience sur le march\u00e9. Un jour, Carmen transmet \u00e0 son \u00e9quipe une inspiration bas\u00e9e sur un mod\u00e8le de canap\u00e9 design \u2014celui qui fait tellement mal au porte-monnaie [&hellip;]","og_url":"https:\/\/zarda.es\/fr\/empresa\/","og_site_name":"Zard\u00e1","article_modified_time":"2026-02-09T13:49:28+00:00","og_image":[{"width":480,"height":640,"url":"https:\/\/zarda.es\/wp-content\/uploads\/2025\/12\/Porque_Zarda2.jpg","type":"image\/jpeg"}],"twitter_card":"summary_large_image","twitter_misc":{"Dur\u00e9e de lecture estim\u00e9e":"2 minutes"},"schema":{"@context":"https:\/\/schema.org","@graph":[{"@type":"WebPage","@id":"https:\/\/zarda.es\/fr\/empresa\/","url":"https:\/\/zarda.es\/fr\/empresa\/","name":"Entreprise - Zard\u00e1","isPartOf":{"@id":"https:\/\/zarda.es\/fr\/#website"},"primaryImageOfPage":{"@id":"https:\/\/zarda.es\/fr\/empresa\/#primaryimage"},"image":{"@id":"https:\/\/zarda.es\/fr\/empresa\/#primaryimage"},"thumbnailUrl":"https:\/\/zarda.es\/wp-content\/uploads\/2025\/12\/Porque_Zarda2.jpg","datePublished":"2025-12-04T10:34:01+00:00","dateModified":"2026-02-09T13:49:28+00:00","breadcrumb":{"@id":"https:\/\/zarda.es\/fr\/empresa\/#breadcrumb"},"inLanguage":"fr-FR","potentialAction":[{"@type":"ReadAction","target":["https:\/\/zarda.es\/fr\/empresa\/"]}]},{"@type":"ImageObject","inLanguage":"fr-FR","@id":"https:\/\/zarda.es\/fr\/empresa\/#primaryimage","url":"https:\/\/zarda.es\/wp-content\/uploads\/2025\/12\/Porque_Zarda2.jpg","contentUrl":"https:\/\/zarda.es\/wp-content\/uploads\/2025\/12\/Porque_Zarda2.jpg"},{"@type":"BreadcrumbList","@id":"https:\/\/zarda.es\/fr\/empresa\/#breadcrumb","itemListElement":[{"@type":"ListItem","position":1,"name":"Accueil","item":"https:\/\/zarda.es\/fr\/"},{"@type":"ListItem","position":2,"name":"Entreprise"}]},{"@type":"WebSite","@id":"https:\/\/zarda.es\/fr\/#website","url":"https:\/\/zarda.es\/fr\/","name":"Zard\u00e1","description":"Fabricante de sof\u00e1s y sillones cama para los canales hogar y contract.","publisher":{"@id":"https:\/\/zarda.es\/fr\/#organization"},"potentialAction":[{"@type":"SearchAction","target":{"@type":"EntryPoint","urlTemplate":"https:\/\/zarda.es\/fr\/?s={search_term_string}"},"query-input":{"@type":"PropertyValueSpecification","valueRequired":true,"valueName":"search_term_string"}}],"inLanguage":"fr-FR"},{"@type":"Organization","@id":"https:\/\/zarda.es\/fr\/#organization","name":"ZARD\u00c1 CONCEPT S.L","alternateName":"ZARD\u00c1","url":"https:\/\/zarda.es\/fr\/","logo":{"@type":"ImageObject","inLanguage":"fr-FR","@id":"https:\/\/zarda.es\/fr\/#\/schema\/logo\/image\/","url":"https:\/\/zarda.es\/wp-content\/uploads\/2025\/11\/LOGO.png","contentUrl":"https:\/\/zarda.es\/wp-content\/uploads\/2025\/11\/LOGO.png","width":560,"height":213,"caption":"ZARD\u00c1 CONCEPT S.L"},"image":{"@id":"https:\/\/zarda.es\/fr\/#\/schema\/logo\/image\/"}}]}},"_links":{"self":[{"href":"https:\/\/zarda.es\/fr\/wp-json\/wp\/v2\/pages\/1830","targetHints":{"allow":["GET"]}}],"collection":[{"href":"https:\/\/zarda.es\/fr\/wp-json\/wp\/v2\/pages"}],"about":[{"href":"https:\/\/zarda.es\/fr\/wp-json\/wp\/v2\/types\/page"}],"author":[{"embeddable":true,"href":"https:\/\/zarda.es\/fr\/wp-json\/wp\/v2\/users\/1"}],"replies":[{"embeddable":true,"href":"https:\/\/zarda.es\/fr\/wp-json\/wp\/v2\/comments?post=1830"}],"version-history":[{"count":0,"href":"https:\/\/zarda.es\/fr\/wp-json\/wp\/v2\/pages\/1830\/revisions"}],"wp:attachment":[{"href":"https:\/\/zarda.es\/fr\/wp-json\/wp\/v2\/media?parent=1830"}],"curies":[{"name":"wp","href":"https:\/\/api.w.org\/{rel}","templated":true}]}}