{"id":5408,"date":"2025-12-05T12:18:56","date_gmt":"2025-12-05T11:18:56","guid":{"rendered":"https:\/\/zarda.es\/contact\/"},"modified":"2026-03-17T12:57:27","modified_gmt":"2026-03-17T11:57:27","slug":"contact","status":"publish","type":"page","link":"https:\/\/zarda.es\/en\/contact\/","title":{"rendered":"Contact"},"content":{"rendered":"\t\t<div data-elementor-type=\"wp-page\" data-elementor-id=\"5408\" class=\"elementor elementor-5408 elementor-399\" data-elementor-post-type=\"page\">\n\t\t\t\t<div class=\"elementor-element elementor-element-5cee9a3 e-flex e-con-boxed e-con e-parent\" data-id=\"5cee9a3\" data-element_type=\"container\" data-e-type=\"container\" data-settings=\"{&quot;background_background&quot;:&quot;classic&quot;,&quot;background_motion_fx_motion_fx_scrolling&quot;:&quot;yes&quot;,&quot;jet_parallax_layout_list&quot;:[],&quot;background_motion_fx_devices&quot;:[&quot;desktop&quot;,&quot;tablet&quot;,&quot;mobile&quot;]}\">\n\t\t\t\t\t<div class=\"e-con-inner\">\n\t\t\t\t\t<\/div>\n\t\t\t\t<\/div>\n\t\t<div class=\"elementor-element elementor-element-402ed2d e-flex e-con-boxed e-con e-parent\" data-id=\"402ed2d\" data-element_type=\"container\" data-e-type=\"container\" data-settings=\"{&quot;jet_parallax_layout_list&quot;:[]}\">\n\t\t\t\t\t<div class=\"e-con-inner\">\n\t\t<div class=\"elementor-element elementor-element-455a04b e-con-full e-flex e-con e-child\" data-id=\"455a04b\" data-element_type=\"container\" data-e-type=\"container\" data-settings=\"{&quot;jet_parallax_layout_list&quot;:[]}\">\n\t\t<div class=\"elementor-element elementor-element-00f81e7 e-con-full e-flex e-con e-child\" data-id=\"00f81e7\" data-element_type=\"container\" data-e-type=\"container\" data-settings=\"{&quot;jet_parallax_layout_list&quot;:[]}\">\n\t\t\t\t<div class=\"elementor-element elementor-element-a5f7c79 elementor-invisible elementor-widget elementor-widget-heading\" data-id=\"a5f7c79\" data-element_type=\"widget\" data-e-type=\"widget\" data-settings=\"{&quot;_animation&quot;:&quot;fadeInLeft&quot;}\" data-widget_type=\"heading.default\">\n\t\t\t\t\t<h2 class=\"elementor-heading-title elementor-size-default\">PERSONALIZED SERVICE<\/h2>\t\t\t\t<\/div>\n\t\t\t\t<div class=\"elementor-element elementor-element-894fb80 elementor-invisible elementor-widget elementor-widget-text-editor\" data-id=\"894fb80\" data-element_type=\"widget\" data-e-type=\"widget\" data-settings=\"{&quot;_animation&quot;:&quot;fadeInLeft&quot;}\" data-widget_type=\"text-editor.default\">\n\t\t\t\t\t\t\t\t\t<p>Our team is available to answer questions, coordinate projects, and provide professional guidance.<\/p>\t\t\t\t\t\t\t\t<\/div>\n\t\t\t\t<\/div>\n\t\t\t\t<\/div>\n\t\t\t\t\t<\/div>\n\t\t\t\t<\/div>\n\t\t<div class=\"elementor-element elementor-element-6658bb8 e-flex e-con-boxed e-con e-parent\" data-id=\"6658bb8\" data-element_type=\"container\" data-e-type=\"container\" data-settings=\"{&quot;jet_parallax_layout_list&quot;:[]}\">\n\t\t\t\t\t<div class=\"e-con-inner\">\n\t\t<div class=\"elementor-element elementor-element-b5d691c e-con-full e-flex e-con e-child\" data-id=\"b5d691c\" data-element_type=\"container\" data-e-type=\"container\" data-settings=\"{&quot;jet_parallax_layout_list&quot;:[]}\">\n\t\t<div class=\"elementor-element elementor-element-3e9631b e-con-full e-flex e-con e-child\" data-id=\"3e9631b\" data-element_type=\"container\" data-e-type=\"container\" data-settings=\"{&quot;jet_parallax_layout_list&quot;:[]}\">\n\t\t\t\t<div class=\"elementor-element elementor-element-50ed13c elementor-button-align-end elementor-widget elementor-widget-form\" data-id=\"50ed13c\" data-element_type=\"widget\" data-e-type=\"widget\" data-settings=\"{&quot;step_next_label&quot;:&quot;Next&quot;,&quot;step_previous_label&quot;:&quot;Previous&quot;,&quot;button_width&quot;:&quot;100&quot;,&quot;step_type&quot;:&quot;number_text&quot;,&quot;step_icon_shape&quot;:&quot;circle&quot;}\" data-widget_type=\"form.default\">\n\t\t\t\t\t\t\t<form class=\"elementor-form\" method=\"post\" name=\"New form\" aria-label=\"New form\">\n\t\t\t<input type=\"hidden\" name=\"post_id\" value=\"5408\"\/>\n\t\t\t<input type=\"hidden\" name=\"form_id\" value=\"50ed13c\"\/>\n\t\t\t<input type=\"hidden\" name=\"referer_title\" value=\"Contact - Zard\u00e1\" \/>\n\n\t\t\t\t\t\t\t<input type=\"hidden\" name=\"queried_id\" value=\"5408\"\/>\n\t\t\t\n\t\t\t<div class=\"elementor-form-fields-wrapper elementor-labels-above\">\n\t\t\t\t\t\t\t\t<div class=\"elementor-field-type-text elementor-field-group elementor-column elementor-field-group-field_910d848 elementor-col-100 elementor-field-required elementor-mark-required\">\n\t\t\t\t\t\t\t\t\t\t\t\t<label for=\"form-field-field_910d848\" class=\"elementor-field-label\">\n\t\t\t\t\t\t\t\tFirst name\t\t\t\t\t\t\t<\/label>\n\t\t\t\t\t\t\t\t\t\t\t\t\t\t<input size=\"1\" type=\"text\" name=\"form_fields[field_910d848]\" id=\"form-field-field_910d848\" class=\"elementor-field elementor-size-sm  elementor-field-textual\" required=\"required\">\n\t\t\t\t\t\t\t\t\t\t\t<\/div>\n\t\t\t\t\t\t\t\t<div class=\"elementor-field-type-email elementor-field-group elementor-column elementor-field-group-email elementor-col-100 elementor-field-required elementor-mark-required\">\n\t\t\t\t\t\t\t\t\t\t\t\t<label for=\"form-field-email\" class=\"elementor-field-label\">\n\t\t\t\t\t\t\t\tEmail\t\t\t\t\t\t\t<\/label>\n\t\t\t\t\t\t\t\t\t\t\t\t\t\t<input size=\"1\" type=\"email\" name=\"form_fields[email]\" id=\"form-field-email\" class=\"elementor-field elementor-size-sm  elementor-field-textual\" required=\"required\">\n\t\t\t\t\t\t\t\t\t\t\t<\/div>\n\t\t\t\t\t\t\t\t<div class=\"elementor-field-type-text elementor-field-group elementor-column elementor-field-group-name elementor-col-100 elementor-field-required elementor-mark-required\">\n\t\t\t\t\t\t\t\t\t\t\t\t<label for=\"form-field-name\" class=\"elementor-field-label\">\n\t\t\t\t\t\t\t\tSubject\t\t\t\t\t\t\t<\/label>\n\t\t\t\t\t\t\t\t\t\t\t\t\t\t<input size=\"1\" type=\"text\" name=\"form_fields[name]\" id=\"form-field-name\" class=\"elementor-field elementor-size-sm  elementor-field-textual\" required=\"required\">\n\t\t\t\t\t\t\t\t\t\t\t<\/div>\n\t\t\t\t\t\t\t\t<div class=\"elementor-field-type-textarea elementor-field-group elementor-column elementor-field-group-message elementor-col-100 elementor-field-required elementor-mark-required\">\n\t\t\t\t\t\t\t\t\t\t\t\t<label for=\"form-field-message\" class=\"elementor-field-label\">\n\t\t\t\t\t\t\t\tMessage\t\t\t\t\t\t\t<\/label>\n\t\t\t\t\t\t<textarea class=\"elementor-field-textual elementor-field  elementor-size-sm\" name=\"form_fields[message]\" id=\"form-field-message\" rows=\"4\" required=\"required\"><\/textarea>\t\t\t\t<\/div>\n\t\t\t\t\t\t\t\t<div class=\"elementor-field-type-checkbox elementor-field-group elementor-column elementor-field-group-field_e31adf5 elementor-col-100\">\n\t\t\t\t\t<div class=\"elementor-field-subgroup  \"><span class=\"elementor-field-option\"><input type=\"checkbox\" value=\"I accept the &lt;a href=&quot;https:\/\/zarda.es\/en\/privacy-policy\/&quot;&gt;privacy policy&lt;\/a&gt;\" id=\"form-field-field_e31adf5-0\" name=\"form_fields[field_e31adf5]\"> <label for=\"form-field-field_e31adf5-0\">I accept the <a href=\"https:\/\/zarda.es\/en\/privacy-policy\/\">privacy policy<\/a><\/label><\/span><\/div>\t\t\t\t<\/div>\n\t\t\t\t\t\t\t\t<div class=\"elementor-field-type-html elementor-field-group elementor-column elementor-field-group-field_e2344b5 elementor-col-100\">\n\t\t\t\t\tFor more information, see <a href=\"https:\/\/policies.google.com\/terms\" target=\"_blank\">Google's Privacy Policy<\/a> and <a href=\"https:\/\/zarda.es\/en\/privacy-policy\/\">Terms of Service<\/a>\t\t\t\t<\/div>\n\t\t\t\t\t\t\t\t<div class=\"elementor-field-type-recaptcha_v3 elementor-field-group elementor-column elementor-field-group-field_5284046 elementor-col-100 recaptcha_v3-bottomright\">\n\t\t\t\t\t<div class=\"elementor-field\" id=\"form-field-field_5284046\"><div class=\"elementor-g-recaptcha\" data-sitekey=\"6LfJl4AsAAAAAGTAoQ3vQVI6y0Mi5AushxfDgCNJ\" data-type=\"v3\" data-action=\"Form\" data-badge=\"bottomright\" data-size=\"invisible\"><\/div><\/div>\t\t\t\t<\/div>\n\t\t\t\t\t\t\t\t<div class=\"elementor-field-group elementor-column elementor-field-type-submit elementor-col-100 e-form__buttons\">\n\t\t\t\t\t<button class=\"elementor-button elementor-size-sm\" type=\"submit\">\n\t\t\t\t\t\t<span class=\"elementor-button-content-wrapper\">\n\t\t\t\t\t\t\t\t\t\t\t\t\t\t\t\t\t\t\t\t\t\t<span class=\"elementor-button-text\">SUBMIT FORM<\/span>\n\t\t\t\t\t\t\t\t\t\t\t\t\t<\/span>\n\t\t\t\t\t<\/button>\n\t\t\t\t<\/div>\n\t\t\t<\/div>\n\t\t<\/form>\n\t\t\t\t\t\t<\/div>\n\t\t\t\t<\/div>\n\t\t<div class=\"elementor-element elementor-element-43c9b9e e-con-full e-flex e-con e-child\" data-id=\"43c9b9e\" data-element_type=\"container\" data-e-type=\"container\" data-settings=\"{&quot;jet_parallax_layout_list&quot;:[]}\">\n\t\t\t\t<div class=\"elementor-element elementor-element-e5871c6 elementor-widget elementor-widget-text-editor\" data-id=\"e5871c6\" data-element_type=\"widget\" data-e-type=\"widget\" data-widget_type=\"text-editor.default\">\n\t\t\t\t\t\t\t\t\t<p><strong>ZARD\u00c1 CONCEPT, S.L.<\/strong><\/p>\t\t\t\t\t\t\t\t<\/div>\n\t\t\t\t<div class=\"elementor-element elementor-element-8d4f3b3 elementor-widget elementor-widget-text-editor\" data-id=\"8d4f3b3\" data-element_type=\"widget\" data-e-type=\"widget\" data-widget_type=\"text-editor.default\">\n\t\t\t\t\t\t\t\t\t<p>Calle T\u00faria, 14<br>Pol. Ind. Mediterr\u00e1neo<br>46550 Albuixech<br>Valencia &#8211; Espa\u00f1a  <\/p>\t\t\t\t\t\t\t\t<\/div>\n\t\t\t\t<div class=\"elementor-element elementor-element-0b88c3b elementor-widget elementor-widget-text-editor\" data-id=\"0b88c3b\" data-element_type=\"widget\" data-e-type=\"widget\" data-widget_type=\"text-editor.default\">\n\t\t\t\t\t\t\t\t\t<p>T: +34 96 140 05 11<\/p>\t\t\t\t\t\t\t\t<\/div>\n\t\t\t\t<div class=\"elementor-element elementor-element-1dcad48 elementor-widget elementor-widget-text-editor\" data-id=\"1dcad48\" data-element_type=\"widget\" data-e-type=\"widget\" data-widget_type=\"text-editor.default\">\n\t\t\t\t\t\t\t\t\t<p>www.zarda.es<br><a style=\"color: #fff;\" href=\"mailto:info@zarda.es\">info@zarda.es<\/a><br><a style=\"color: #fff;\" href=\"mailto:produccion@zarda.es\">produccion@zarda.es<\/a><\/p>\t\t\t\t\t\t\t\t<\/div>\n\t\t\t\t<\/div>\n\t\t\t\t<\/div>\n\t\t\t\t\t<\/div>\n\t\t\t\t<\/div>\n\t\t<div class=\"elementor-element elementor-element-4792869 e-con-full e-flex e-con e-parent\" data-id=\"4792869\" data-element_type=\"container\" data-e-type=\"container\" data-settings=\"{&quot;jet_parallax_layout_list&quot;:[]}\">\n\t\t\t\t<div class=\"elementor-element elementor-element-94229ea elementor-widget elementor-widget-html\" data-id=\"94229ea\" data-element_type=\"widget\" data-e-type=\"widget\" data-widget_type=\"html.default\">\n\t\t\t\t\t<iframe src=\"https:\/\/www.google.com\/maps\/embed?pb=!1m18!1m12!1m3!1d3076.8258953975123!2d-0.31422477363093626!3d39.540981458473674!2m3!1f0!2f0!3f0!3m2!1i1024!2i768!4f13.1!3m3!1m2!1s0xd6047000b93d0ff%3A0xacc9be11d0575ca4!2sZard%C3%A1%20Concept!5e0!3m2!1ses!2ses!4v1765274916553!5m2!1ses!2ses\" width=\"600\" height=\"450\" style=\"border:0;\" allowfullscreen=\"\" loading=\"lazy\" referrerpolicy=\"no-referrer-when-downgrade\"><\/iframe>\t\t\t\t<\/div>\n\t\t\t\t<\/div>\n\t\t\t\t<\/div>\n\t\t","protected":false},"excerpt":{"rendered":"<p>PERSONALIZED SERVICE Our team is available to answer questions, coordinate projects, and provide professional guidance. ZARD\u00c1 CONCEPT, S.L. Calle T\u00faria, 14Pol. Ind. Mediterr\u00e1neo46550 AlbuixechValencia &#8211; Espa\u00f1a T: +34 96 140 05 11 www.zarda.esinfo@zarda.esproduccion@zarda.es<\/p>\n","protected":false},"author":1,"featured_media":0,"parent":0,"menu_order":0,"comment_status":"closed","ping_status":"closed","template":"","meta":{"footnotes":""},"class_list":["post-5408","page","type-page","status-publish","hentry"],"yoast_head":"<!-- This site is optimized with the Yoast SEO plugin v27.1.1 - https:\/\/yoast.com\/product\/yoast-seo-wordpress\/ -->\n<title>Contact - Zard\u00e1<\/title>\n<meta name=\"robots\" content=\"index, follow, max-snippet:-1, max-image-preview:large, max-video-preview:-1\" \/>\n<link rel=\"canonical\" href=\"https:\/\/zarda.es\/en\/contact\/\" \/>\n<meta property=\"og:locale\" content=\"en_US\" \/>\n<meta property=\"og:type\" content=\"article\" \/>\n<meta property=\"og:title\" content=\"Contact - Zard\u00e1\" \/>\n<meta property=\"og:description\" content=\"PERSONALIZED SERVICE Our team is available to answer questions, coordinate projects, and provide professional guidance. ZARD\u00c1 CONCEPT, S.L. Calle T\u00faria, 14Pol. Ind. Mediterr\u00e1neo46550 AlbuixechValencia &#8211; Espa\u00f1a T: +34 96 140 05 11 www.zarda.esinfo@zarda.esproduccion@zarda.es\" \/>\n<meta property=\"og:url\" content=\"https:\/\/zarda.es\/en\/contact\/\" \/>\n<meta property=\"og:site_name\" content=\"Zard\u00e1\" \/>\n<meta property=\"article:modified_time\" content=\"2026-03-17T11:57:27+00:00\" \/>\n<meta property=\"og:image\" content=\"https:\/\/zarda.es\/wp-content\/uploads\/2025\/11\/LOGO.png\" \/>\n\t<meta property=\"og:image:width\" content=\"560\" \/>\n\t<meta property=\"og:image:height\" content=\"213\" \/>\n\t<meta property=\"og:image:type\" content=\"image\/png\" \/>\n<meta name=\"twitter:card\" content=\"summary_large_image\" \/>\n<script type=\"application\/ld+json\" class=\"yoast-schema-graph\">{\"@context\":\"https:\/\/schema.org\",\"@graph\":[{\"@type\":\"WebPage\",\"@id\":\"https:\/\/zarda.es\/en\/contact\/\",\"url\":\"https:\/\/zarda.es\/en\/contact\/\",\"name\":\"Contact - Zard\u00e1\",\"isPartOf\":{\"@id\":\"https:\/\/zarda.es\/en\/#website\"},\"datePublished\":\"2025-12-05T11:18:56+00:00\",\"dateModified\":\"2026-03-17T11:57:27+00:00\",\"breadcrumb\":{\"@id\":\"https:\/\/zarda.es\/en\/contact\/#breadcrumb\"},\"inLanguage\":\"en-US\",\"potentialAction\":[{\"@type\":\"ReadAction\",\"target\":[\"https:\/\/zarda.es\/en\/contact\/\"]}]},{\"@type\":\"BreadcrumbList\",\"@id\":\"https:\/\/zarda.es\/en\/contact\/#breadcrumb\",\"itemListElement\":[{\"@type\":\"ListItem\",\"position\":1,\"name\":\"Home\",\"item\":\"https:\/\/zarda.es\/en\/\"},{\"@type\":\"ListItem\",\"position\":2,\"name\":\"Contact\"}]},{\"@type\":\"WebSite\",\"@id\":\"https:\/\/zarda.es\/en\/#website\",\"url\":\"https:\/\/zarda.es\/en\/\",\"name\":\"Zard\u00e1\",\"description\":\"Sof\u00e1s Cama Zard\u00e1, dise\u00f1o, calidad y confort\",\"publisher\":{\"@id\":\"https:\/\/zarda.es\/en\/#organization\"},\"potentialAction\":[{\"@type\":\"SearchAction\",\"target\":{\"@type\":\"EntryPoint\",\"urlTemplate\":\"https:\/\/zarda.es\/en\/?s={search_term_string}\"},\"query-input\":{\"@type\":\"PropertyValueSpecification\",\"valueRequired\":true,\"valueName\":\"search_term_string\"}}],\"inLanguage\":\"en-US\"},{\"@type\":\"Organization\",\"@id\":\"https:\/\/zarda.es\/en\/#organization\",\"name\":\"ZARD\u00c1 CONCEPT S.L\",\"alternateName\":\"ZARD\u00c1\",\"url\":\"https:\/\/zarda.es\/en\/\",\"logo\":{\"@type\":\"ImageObject\",\"inLanguage\":\"en-US\",\"@id\":\"https:\/\/zarda.es\/en\/#\/schema\/logo\/image\/\",\"url\":\"https:\/\/zarda.es\/wp-content\/uploads\/2025\/11\/LOGO.png\",\"contentUrl\":\"https:\/\/zarda.es\/wp-content\/uploads\/2025\/11\/LOGO.png\",\"width\":560,\"height\":213,\"caption\":\"ZARD\u00c1 CONCEPT S.L\"},\"image\":{\"@id\":\"https:\/\/zarda.es\/en\/#\/schema\/logo\/image\/\"}}]}<\/script>\n<!-- \/ Yoast SEO plugin. -->","yoast_head_json":{"title":"Contact - Zard\u00e1","robots":{"index":"index","follow":"follow","max-snippet":"max-snippet:-1","max-image-preview":"max-image-preview:large","max-video-preview":"max-video-preview:-1"},"canonical":"https:\/\/zarda.es\/en\/contact\/","og_locale":"en_US","og_type":"article","og_title":"Contact - Zard\u00e1","og_description":"PERSONALIZED SERVICE Our team is available to answer questions, coordinate projects, and provide professional guidance. ZARD\u00c1 CONCEPT, S.L. Calle T\u00faria, 14Pol. Ind. Mediterr\u00e1neo46550 AlbuixechValencia &#8211; Espa\u00f1a T: +34 96 140 05 11 www.zarda.esinfo@zarda.esproduccion@zarda.es","og_url":"https:\/\/zarda.es\/en\/contact\/","og_site_name":"Zard\u00e1","article_modified_time":"2026-03-17T11:57:27+00:00","og_image":[{"width":560,"height":213,"url":"https:\/\/zarda.es\/wp-content\/uploads\/2025\/11\/LOGO.png","type":"image\/png"}],"twitter_card":"summary_large_image","schema":{"@context":"https:\/\/schema.org","@graph":[{"@type":"WebPage","@id":"https:\/\/zarda.es\/en\/contact\/","url":"https:\/\/zarda.es\/en\/contact\/","name":"Contact - Zard\u00e1","isPartOf":{"@id":"https:\/\/zarda.es\/en\/#website"},"datePublished":"2025-12-05T11:18:56+00:00","dateModified":"2026-03-17T11:57:27+00:00","breadcrumb":{"@id":"https:\/\/zarda.es\/en\/contact\/#breadcrumb"},"inLanguage":"en-US","potentialAction":[{"@type":"ReadAction","target":["https:\/\/zarda.es\/en\/contact\/"]}]},{"@type":"BreadcrumbList","@id":"https:\/\/zarda.es\/en\/contact\/#breadcrumb","itemListElement":[{"@type":"ListItem","position":1,"name":"Home","item":"https:\/\/zarda.es\/en\/"},{"@type":"ListItem","position":2,"name":"Contact"}]},{"@type":"WebSite","@id":"https:\/\/zarda.es\/en\/#website","url":"https:\/\/zarda.es\/en\/","name":"Zard\u00e1","description":"Sof\u00e1s Cama Zard\u00e1, dise\u00f1o, calidad y confort","publisher":{"@id":"https:\/\/zarda.es\/en\/#organization"},"potentialAction":[{"@type":"SearchAction","target":{"@type":"EntryPoint","urlTemplate":"https:\/\/zarda.es\/en\/?s={search_term_string}"},"query-input":{"@type":"PropertyValueSpecification","valueRequired":true,"valueName":"search_term_string"}}],"inLanguage":"en-US"},{"@type":"Organization","@id":"https:\/\/zarda.es\/en\/#organization","name":"ZARD\u00c1 CONCEPT S.L","alternateName":"ZARD\u00c1","url":"https:\/\/zarda.es\/en\/","logo":{"@type":"ImageObject","inLanguage":"en-US","@id":"https:\/\/zarda.es\/en\/#\/schema\/logo\/image\/","url":"https:\/\/zarda.es\/wp-content\/uploads\/2025\/11\/LOGO.png","contentUrl":"https:\/\/zarda.es\/wp-content\/uploads\/2025\/11\/LOGO.png","width":560,"height":213,"caption":"ZARD\u00c1 CONCEPT S.L"},"image":{"@id":"https:\/\/zarda.es\/en\/#\/schema\/logo\/image\/"}}]}},"_links":{"self":[{"href":"https:\/\/zarda.es\/en\/wp-json\/wp\/v2\/pages\/5408","targetHints":{"allow":["GET"]}}],"collection":[{"href":"https:\/\/zarda.es\/en\/wp-json\/wp\/v2\/pages"}],"about":[{"href":"https:\/\/zarda.es\/en\/wp-json\/wp\/v2\/types\/page"}],"author":[{"embeddable":true,"href":"https:\/\/zarda.es\/en\/wp-json\/wp\/v2\/users\/1"}],"replies":[{"embeddable":true,"href":"https:\/\/zarda.es\/en\/wp-json\/wp\/v2\/comments?post=5408"}],"version-history":[{"count":2,"href":"https:\/\/zarda.es\/en\/wp-json\/wp\/v2\/pages\/5408\/revisions"}],"predecessor-version":[{"id":5411,"href":"https:\/\/zarda.es\/en\/wp-json\/wp\/v2\/pages\/5408\/revisions\/5411"}],"wp:attachment":[{"href":"https:\/\/zarda.es\/en\/wp-json\/wp\/v2\/media?parent=5408"}],"curies":[{"name":"wp","href":"https:\/\/api.w.org\/{rel}","templated":true}]}}