{"id":5384,"date":"2025-12-04T11:34:01","date_gmt":"2025-12-04T10:34:01","guid":{"rendered":"https:\/\/zarda.es\/company\/"},"modified":"2026-03-17T10:00:04","modified_gmt":"2026-03-17T09:00:04","slug":"company","status":"publish","type":"page","link":"https:\/\/zarda.es\/en\/company\/","title":{"rendered":"Company"},"content":{"rendered":"\t\t<div data-elementor-type=\"wp-page\" data-elementor-id=\"5384\" class=\"elementor elementor-5384 elementor-294\" data-elementor-post-type=\"page\">\n\t\t\t\t<div class=\"elementor-element elementor-element-5cee9a3 e-flex e-con-boxed e-con e-parent\" data-id=\"5cee9a3\" data-element_type=\"container\" data-e-type=\"container\" data-settings=\"{&quot;background_background&quot;:&quot;classic&quot;,&quot;background_motion_fx_motion_fx_scrolling&quot;:&quot;yes&quot;,&quot;jet_parallax_layout_list&quot;:[],&quot;background_motion_fx_devices&quot;:[&quot;desktop&quot;,&quot;tablet&quot;,&quot;mobile&quot;]}\">\n\t\t\t\t\t<div class=\"e-con-inner\">\n\t\t\t\t\t<\/div>\n\t\t\t\t<\/div>\n\t\t<div class=\"elementor-element elementor-element-402ed2d e-flex e-con-boxed e-con e-parent\" data-id=\"402ed2d\" data-element_type=\"container\" data-e-type=\"container\" data-settings=\"{&quot;jet_parallax_layout_list&quot;:[]}\">\n\t\t\t\t\t<div class=\"e-con-inner\">\n\t\t<div class=\"elementor-element elementor-element-455a04b e-con-full e-flex e-con e-child\" data-id=\"455a04b\" data-element_type=\"container\" data-e-type=\"container\" data-settings=\"{&quot;jet_parallax_layout_list&quot;:[]}\">\n\t\t<div class=\"elementor-element elementor-element-00f81e7 e-con-full e-flex e-con e-child\" data-id=\"00f81e7\" data-element_type=\"container\" data-e-type=\"container\" data-settings=\"{&quot;jet_parallax_layout_list&quot;:[]}\">\n\t\t\t\t<div class=\"elementor-element elementor-element-a5f7c79 elementor-invisible elementor-widget elementor-widget-heading\" data-id=\"a5f7c79\" data-element_type=\"widget\" data-e-type=\"widget\" data-settings=\"{&quot;_animation&quot;:&quot;fadeInLeft&quot;}\" data-widget_type=\"heading.default\">\n\t\t\t\t\t<h2 class=\"elementor-heading-title elementor-size-default\">OUR <b>HISTORY<\/b><\/h2>\t\t\t\t<\/div>\n\t\t\t\t<\/div>\n\t\t<div class=\"elementor-element elementor-element-dc68e04 e-con-full e-flex e-con e-child\" data-id=\"dc68e04\" data-element_type=\"container\" data-e-type=\"container\" data-settings=\"{&quot;jet_parallax_layout_list&quot;:[]}\">\n\t\t\t\t<div class=\"elementor-element elementor-element-e6ee89a elementor-invisible elementor-widget elementor-widget-heading\" data-id=\"e6ee89a\" data-element_type=\"widget\" data-e-type=\"widget\" data-settings=\"{&quot;_animation&quot;:&quot;fadeInDown&quot;}\" data-widget_type=\"heading.default\">\n\t\t\t\t\t<h2 class=\"elementor-heading-title elementor-size-default\">The creation of the final product in which we sit and sleep is a succession of experiences that form a story. Shall we tell it to you?<\/h2>\t\t\t\t<\/div>\n\t\t\t\t<\/div>\n\t\t\t\t<\/div>\n\t\t<div class=\"elementor-element elementor-element-efa7969 e-con-full e-flex e-con e-child\" data-id=\"efa7969\" data-element_type=\"container\" data-e-type=\"container\" data-settings=\"{&quot;jet_parallax_layout_list&quot;:[]}\">\n\t\t<div class=\"elementor-element elementor-element-1b38fbb e-con-full e-flex e-con e-child\" data-id=\"1b38fbb\" data-element_type=\"container\" data-e-type=\"container\" data-settings=\"{&quot;jet_parallax_layout_list&quot;:[]}\">\n\t\t\t\t<\/div>\n\t\t<div class=\"elementor-element elementor-element-8429c2a e-con-full e-flex e-con e-child\" data-id=\"8429c2a\" data-element_type=\"container\" data-e-type=\"container\" data-settings=\"{&quot;jet_parallax_layout_list&quot;:[]}\">\n\t\t\t\t<div class=\"elementor-element elementor-element-1d72a75 elementor-invisible elementor-widget elementor-widget-text-editor\" data-id=\"1d72a75\" data-element_type=\"widget\" data-e-type=\"widget\" data-settings=\"{&quot;_animation&quot;:&quot;fadeInLeft&quot;}\" data-widget_type=\"text-editor.default\">\n\t\t\t\t\t\t\t\t\t<p>The story begins at Zard\u00e1 Concept, the second generation of a family company dedicated to sofa beds, with more than 50 years of experience in the market.<\/p><p>One day, Carmen shares with her team an inspiration based on a designer sofa model \u2014 the kind that hurts the wallet so much that only a privileged few can acquire it.<\/p><p>We all love it and see its potential. Let\u2019s begin!<\/p><p>Paco develops the structure of the seats, armrests and backrests. It is also necessary to check that the adaptability of the convertible bed base does not alter the ergonomics of the seat.<\/p>\t\t\t\t\t\t\t\t<\/div>\n\t\t\t\t<\/div>\n\t\t<div class=\"elementor-element elementor-element-a43ec11 e-con-full e-flex e-con e-child\" data-id=\"a43ec11\" data-element_type=\"container\" data-e-type=\"container\" data-settings=\"{&quot;jet_parallax_layout_list&quot;:[]}\">\n\t\t\t\t<div class=\"elementor-element elementor-element-0aa2324 elementor-invisible elementor-widget elementor-widget-text-editor\" data-id=\"0aa2324\" data-element_type=\"widget\" data-e-type=\"widget\" data-settings=\"{&quot;_animation&quot;:&quot;fadeInLeft&quot;}\" data-widget_type=\"text-editor.default\">\n\t\t\t\t\t\t\t\t\t<p>However, after so much work, our designer Ana must refine a few details to capture what Carmen had in mind.<\/p><p>One last effort remains before we glimpse the final product.<\/p><p>After a few adjustments, we have it! We have achieved a commercial adaptation of an exclusive product,<br>considering that it is a sofa bed.<\/p><p>Photography, layout and printing. Then our sales representative presents it to you, and <strong>that is when our story intertwines with yours.<\/strong><\/p><p><em><strong>We invite you to continue it.<\/strong><\/em><\/p>\t\t\t\t\t\t\t\t<\/div>\n\t\t\t\t<\/div>\n\t\t\t\t<\/div>\n\t\t\t\t\t<\/div>\n\t\t\t\t<\/div>\n\t\t<div class=\"elementor-element elementor-element-5a15a18 e-flex e-con-boxed e-con e-parent\" data-id=\"5a15a18\" data-element_type=\"container\" data-e-type=\"container\" data-settings=\"{&quot;background_background&quot;:&quot;classic&quot;,&quot;background_motion_fx_motion_fx_scrolling&quot;:&quot;yes&quot;,&quot;jet_parallax_layout_list&quot;:[],&quot;background_motion_fx_devices&quot;:[&quot;desktop&quot;,&quot;tablet&quot;,&quot;mobile&quot;]}\">\n\t\t\t\t\t<div class=\"e-con-inner\">\n\t\t\t\t\t<\/div>\n\t\t\t\t<\/div>\n\t\t<div class=\"elementor-element elementor-element-82f90a0 e-flex e-con-boxed e-con e-parent\" data-id=\"82f90a0\" data-element_type=\"container\" data-e-type=\"container\" data-settings=\"{&quot;jet_parallax_layout_list&quot;:[]}\">\n\t\t\t\t\t<div class=\"e-con-inner\">\n\t\t<div class=\"elementor-element elementor-element-7a15f61 e-con-full e-flex e-con e-child\" data-id=\"7a15f61\" data-element_type=\"container\" data-e-type=\"container\" data-settings=\"{&quot;jet_parallax_layout_list&quot;:[]}\">\n\t\t<div class=\"elementor-element elementor-element-ab32d1d e-con-full e-flex e-con e-child\" data-id=\"ab32d1d\" data-element_type=\"container\" data-e-type=\"container\" data-settings=\"{&quot;jet_parallax_layout_list&quot;:[]}\">\n\t\t\t\t<div class=\"elementor-element elementor-element-57080d8 elementor-invisible elementor-widget elementor-widget-heading\" data-id=\"57080d8\" data-element_type=\"widget\" data-e-type=\"widget\" data-settings=\"{&quot;_animation&quot;:&quot;fadeInLeft&quot;}\" data-widget_type=\"heading.default\">\n\t\t\t\t\t<h2 class=\"elementor-heading-title elementor-size-default\">WHY <b>ZARD\u00c1<\/b>?<\/h2>\t\t\t\t<\/div>\n\t\t\t\t<div class=\"elementor-element elementor-element-4795fa6 elementor-widget elementor-widget-spacer\" data-id=\"4795fa6\" data-element_type=\"widget\" data-e-type=\"widget\" data-widget_type=\"spacer.default\">\n\t\t\t\t\t\t\t<div class=\"elementor-spacer\">\n\t\t\t<div class=\"elementor-spacer-inner\"><\/div>\n\t\t<\/div>\n\t\t\t\t\t\t<\/div>\n\t\t\t\t<div class=\"elementor-element elementor-element-3e9eb20 elementor-invisible elementor-widget elementor-widget-text-editor\" data-id=\"3e9eb20\" data-element_type=\"widget\" data-e-type=\"widget\" data-settings=\"{&quot;_animation&quot;:&quot;fadeInLeft&quot;}\" data-widget_type=\"text-editor.default\">\n\t\t\t\t\t\t\t\t\tThe versatility of the sofa bed allows you to enjoy its use both day and night. The evolution of its design has progressed over time, becoming an essential element in many areas of our lives, whether in our homes, hotels, cruise ships or hospitals.\t\t\t\t\t\t\t\t<\/div>\n\t\t\t\t<\/div>\n\t\t<div class=\"elementor-element elementor-element-e670a86 e-con-full e-flex e-con e-child\" data-id=\"e670a86\" data-element_type=\"container\" data-e-type=\"container\" data-settings=\"{&quot;jet_parallax_layout_list&quot;:[]}\">\n\t\t\t\t<\/div>\n\t\t\t\t<\/div>\n\t\t<div class=\"elementor-element elementor-element-68c0eb7 e-con-full e-flex e-con e-child\" data-id=\"68c0eb7\" data-element_type=\"container\" data-e-type=\"container\" data-settings=\"{&quot;jet_parallax_layout_list&quot;:[]}\">\n\t\t<div class=\"elementor-element elementor-element-c901b34 e-con-full e-flex e-con e-child\" data-id=\"c901b34\" data-element_type=\"container\" data-e-type=\"container\" data-settings=\"{&quot;jet_parallax_layout_list&quot;:[]}\">\n\t\t\t\t<div class=\"elementor-element elementor-element-e2e1485 elementor-widget elementor-widget-image\" data-id=\"e2e1485\" data-element_type=\"widget\" data-e-type=\"widget\" data-widget_type=\"image.default\">\n\t\t\t\t\t\t\t\t\t\t\t\t\t\t\t<img fetchpriority=\"high\" decoding=\"async\" width=\"480\" height=\"640\" src=\"https:\/\/zarda.es\/wp-content\/uploads\/2025\/12\/Porque_Zarda2.jpg\" class=\"attachment-large size-large wp-image-5380\" alt=\"\" srcset=\"https:\/\/zarda.es\/wp-content\/uploads\/2025\/12\/Porque_Zarda2.jpg 480w, https:\/\/zarda.es\/wp-content\/uploads\/2025\/12\/Porque_Zarda2-225x300.jpg 225w\" sizes=\"(max-width: 480px) 100vw, 480px\" \/>\t\t\t\t\t\t\t\t\t\t\t\t\t\t\t<\/div>\n\t\t\t\t<\/div>\n\t\t<div class=\"elementor-element elementor-element-6f38126 e-con-full e-flex e-con e-child\" data-id=\"6f38126\" data-element_type=\"container\" data-e-type=\"container\" data-settings=\"{&quot;jet_parallax_layout_list&quot;:[]}\">\n\t\t\t\t<div class=\"elementor-element elementor-element-03be4e0 elementor-invisible elementor-widget elementor-widget-text-editor\" data-id=\"03be4e0\" data-element_type=\"widget\" data-e-type=\"widget\" data-settings=\"{&quot;_animation&quot;:&quot;fadeInRight&quot;}\" data-widget_type=\"text-editor.default\">\n\t\t\t\t\t\t\t\t\t<p>For this reason, the mission of this catalogue is to help you select the sofa that best adapts to the space you have available. We innovate not only in new designs that allow you to create a personalized environment, but also in the way we present them, introducing the use of videos so that the product search and selection experience is as complete as possible.<\/p>\t\t\t\t\t\t\t\t<\/div>\n\t\t\t\t<\/div>\n\t\t\t\t<\/div>\n\t\t\t\t\t<\/div>\n\t\t\t\t<\/div>\n\t\t\t\t<\/div>\n\t\t","protected":false},"excerpt":{"rendered":"<p>OUR HISTORY The creation of the final product in which we sit and sleep is a succession of experiences that form a story. Shall we tell it to you? The story begins at Zard\u00e1 Concept, the second generation of a family company dedicated to sofa beds, with more than 50 years of experience in the [&hellip;]<\/p>\n","protected":false},"author":1,"featured_media":0,"parent":0,"menu_order":0,"comment_status":"closed","ping_status":"closed","template":"","meta":{"footnotes":""},"class_list":["post-5384","page","type-page","status-publish","hentry"],"yoast_head":"<!-- This site is optimized with the Yoast SEO plugin v27.1.1 - https:\/\/yoast.com\/product\/yoast-seo-wordpress\/ -->\n<title>Company - Zard\u00e1<\/title>\n<meta name=\"robots\" content=\"index, follow, max-snippet:-1, max-image-preview:large, max-video-preview:-1\" \/>\n<link rel=\"canonical\" href=\"https:\/\/zarda.es\/en\/company\/\" \/>\n<meta property=\"og:locale\" content=\"en_US\" \/>\n<meta property=\"og:type\" content=\"article\" \/>\n<meta property=\"og:title\" content=\"Company - Zard\u00e1\" \/>\n<meta property=\"og:description\" content=\"OUR HISTORY The creation of the final product in which we sit and sleep is a succession of experiences that form a story. Shall we tell it to you? The story begins at Zard\u00e1 Concept, the second generation of a family company dedicated to sofa beds, with more than 50 years of experience in the [&hellip;]\" \/>\n<meta property=\"og:url\" content=\"https:\/\/zarda.es\/en\/company\/\" \/>\n<meta property=\"og:site_name\" content=\"Zard\u00e1\" \/>\n<meta property=\"article:modified_time\" content=\"2026-03-17T09:00:04+00:00\" \/>\n<meta property=\"og:image\" content=\"https:\/\/zarda.es\/wp-content\/uploads\/2025\/12\/Porque_Zarda2.jpg\" \/>\n\t<meta property=\"og:image:width\" content=\"480\" \/>\n\t<meta property=\"og:image:height\" content=\"640\" \/>\n\t<meta property=\"og:image:type\" content=\"image\/jpeg\" \/>\n<meta name=\"twitter:card\" content=\"summary_large_image\" \/>\n<meta name=\"twitter:label1\" content=\"Est. reading time\" \/>\n\t<meta name=\"twitter:data1\" content=\"2 minutes\" \/>\n<script type=\"application\/ld+json\" class=\"yoast-schema-graph\">{\"@context\":\"https:\/\/schema.org\",\"@graph\":[{\"@type\":\"WebPage\",\"@id\":\"https:\/\/zarda.es\/en\/company\/\",\"url\":\"https:\/\/zarda.es\/en\/company\/\",\"name\":\"Company - Zard\u00e1\",\"isPartOf\":{\"@id\":\"https:\/\/zarda.es\/en\/#website\"},\"primaryImageOfPage\":{\"@id\":\"https:\/\/zarda.es\/en\/company\/#primaryimage\"},\"image\":{\"@id\":\"https:\/\/zarda.es\/en\/company\/#primaryimage\"},\"thumbnailUrl\":\"https:\/\/zarda.es\/wp-content\/uploads\/2025\/12\/Porque_Zarda2.jpg\",\"datePublished\":\"2025-12-04T10:34:01+00:00\",\"dateModified\":\"2026-03-17T09:00:04+00:00\",\"breadcrumb\":{\"@id\":\"https:\/\/zarda.es\/en\/company\/#breadcrumb\"},\"inLanguage\":\"en-US\",\"potentialAction\":[{\"@type\":\"ReadAction\",\"target\":[\"https:\/\/zarda.es\/en\/company\/\"]}]},{\"@type\":\"ImageObject\",\"inLanguage\":\"en-US\",\"@id\":\"https:\/\/zarda.es\/en\/company\/#primaryimage\",\"url\":\"https:\/\/zarda.es\/wp-content\/uploads\/2025\/12\/Porque_Zarda2.jpg\",\"contentUrl\":\"https:\/\/zarda.es\/wp-content\/uploads\/2025\/12\/Porque_Zarda2.jpg\"},{\"@type\":\"BreadcrumbList\",\"@id\":\"https:\/\/zarda.es\/en\/company\/#breadcrumb\",\"itemListElement\":[{\"@type\":\"ListItem\",\"position\":1,\"name\":\"Home\",\"item\":\"https:\/\/zarda.es\/en\/\"},{\"@type\":\"ListItem\",\"position\":2,\"name\":\"Company\"}]},{\"@type\":\"WebSite\",\"@id\":\"https:\/\/zarda.es\/en\/#website\",\"url\":\"https:\/\/zarda.es\/en\/\",\"name\":\"Zard\u00e1\",\"description\":\"Sof\u00e1s Cama Zard\u00e1, dise\u00f1o, calidad y confort\",\"publisher\":{\"@id\":\"https:\/\/zarda.es\/en\/#organization\"},\"potentialAction\":[{\"@type\":\"SearchAction\",\"target\":{\"@type\":\"EntryPoint\",\"urlTemplate\":\"https:\/\/zarda.es\/en\/?s={search_term_string}\"},\"query-input\":{\"@type\":\"PropertyValueSpecification\",\"valueRequired\":true,\"valueName\":\"search_term_string\"}}],\"inLanguage\":\"en-US\"},{\"@type\":\"Organization\",\"@id\":\"https:\/\/zarda.es\/en\/#organization\",\"name\":\"ZARD\u00c1 CONCEPT S.L\",\"alternateName\":\"ZARD\u00c1\",\"url\":\"https:\/\/zarda.es\/en\/\",\"logo\":{\"@type\":\"ImageObject\",\"inLanguage\":\"en-US\",\"@id\":\"https:\/\/zarda.es\/en\/#\/schema\/logo\/image\/\",\"url\":\"https:\/\/zarda.es\/wp-content\/uploads\/2025\/11\/LOGO.png\",\"contentUrl\":\"https:\/\/zarda.es\/wp-content\/uploads\/2025\/11\/LOGO.png\",\"width\":560,\"height\":213,\"caption\":\"ZARD\u00c1 CONCEPT S.L\"},\"image\":{\"@id\":\"https:\/\/zarda.es\/en\/#\/schema\/logo\/image\/\"}}]}<\/script>\n<!-- \/ Yoast SEO plugin. -->","yoast_head_json":{"title":"Company - Zard\u00e1","robots":{"index":"index","follow":"follow","max-snippet":"max-snippet:-1","max-image-preview":"max-image-preview:large","max-video-preview":"max-video-preview:-1"},"canonical":"https:\/\/zarda.es\/en\/company\/","og_locale":"en_US","og_type":"article","og_title":"Company - Zard\u00e1","og_description":"OUR HISTORY The creation of the final product in which we sit and sleep is a succession of experiences that form a story. Shall we tell it to you? The story begins at Zard\u00e1 Concept, the second generation of a family company dedicated to sofa beds, with more than 50 years of experience in the [&hellip;]","og_url":"https:\/\/zarda.es\/en\/company\/","og_site_name":"Zard\u00e1","article_modified_time":"2026-03-17T09:00:04+00:00","og_image":[{"width":480,"height":640,"url":"https:\/\/zarda.es\/wp-content\/uploads\/2025\/12\/Porque_Zarda2.jpg","type":"image\/jpeg"}],"twitter_card":"summary_large_image","twitter_misc":{"Est. reading time":"2 minutes"},"schema":{"@context":"https:\/\/schema.org","@graph":[{"@type":"WebPage","@id":"https:\/\/zarda.es\/en\/company\/","url":"https:\/\/zarda.es\/en\/company\/","name":"Company - Zard\u00e1","isPartOf":{"@id":"https:\/\/zarda.es\/en\/#website"},"primaryImageOfPage":{"@id":"https:\/\/zarda.es\/en\/company\/#primaryimage"},"image":{"@id":"https:\/\/zarda.es\/en\/company\/#primaryimage"},"thumbnailUrl":"https:\/\/zarda.es\/wp-content\/uploads\/2025\/12\/Porque_Zarda2.jpg","datePublished":"2025-12-04T10:34:01+00:00","dateModified":"2026-03-17T09:00:04+00:00","breadcrumb":{"@id":"https:\/\/zarda.es\/en\/company\/#breadcrumb"},"inLanguage":"en-US","potentialAction":[{"@type":"ReadAction","target":["https:\/\/zarda.es\/en\/company\/"]}]},{"@type":"ImageObject","inLanguage":"en-US","@id":"https:\/\/zarda.es\/en\/company\/#primaryimage","url":"https:\/\/zarda.es\/wp-content\/uploads\/2025\/12\/Porque_Zarda2.jpg","contentUrl":"https:\/\/zarda.es\/wp-content\/uploads\/2025\/12\/Porque_Zarda2.jpg"},{"@type":"BreadcrumbList","@id":"https:\/\/zarda.es\/en\/company\/#breadcrumb","itemListElement":[{"@type":"ListItem","position":1,"name":"Home","item":"https:\/\/zarda.es\/en\/"},{"@type":"ListItem","position":2,"name":"Company"}]},{"@type":"WebSite","@id":"https:\/\/zarda.es\/en\/#website","url":"https:\/\/zarda.es\/en\/","name":"Zard\u00e1","description":"Sof\u00e1s Cama Zard\u00e1, dise\u00f1o, calidad y confort","publisher":{"@id":"https:\/\/zarda.es\/en\/#organization"},"potentialAction":[{"@type":"SearchAction","target":{"@type":"EntryPoint","urlTemplate":"https:\/\/zarda.es\/en\/?s={search_term_string}"},"query-input":{"@type":"PropertyValueSpecification","valueRequired":true,"valueName":"search_term_string"}}],"inLanguage":"en-US"},{"@type":"Organization","@id":"https:\/\/zarda.es\/en\/#organization","name":"ZARD\u00c1 CONCEPT S.L","alternateName":"ZARD\u00c1","url":"https:\/\/zarda.es\/en\/","logo":{"@type":"ImageObject","inLanguage":"en-US","@id":"https:\/\/zarda.es\/en\/#\/schema\/logo\/image\/","url":"https:\/\/zarda.es\/wp-content\/uploads\/2025\/11\/LOGO.png","contentUrl":"https:\/\/zarda.es\/wp-content\/uploads\/2025\/11\/LOGO.png","width":560,"height":213,"caption":"ZARD\u00c1 CONCEPT S.L"},"image":{"@id":"https:\/\/zarda.es\/en\/#\/schema\/logo\/image\/"}}]}},"_links":{"self":[{"href":"https:\/\/zarda.es\/en\/wp-json\/wp\/v2\/pages\/5384","targetHints":{"allow":["GET"]}}],"collection":[{"href":"https:\/\/zarda.es\/en\/wp-json\/wp\/v2\/pages"}],"about":[{"href":"https:\/\/zarda.es\/en\/wp-json\/wp\/v2\/types\/page"}],"author":[{"embeddable":true,"href":"https:\/\/zarda.es\/en\/wp-json\/wp\/v2\/users\/1"}],"replies":[{"embeddable":true,"href":"https:\/\/zarda.es\/en\/wp-json\/wp\/v2\/comments?post=5384"}],"version-history":[{"count":4,"href":"https:\/\/zarda.es\/en\/wp-json\/wp\/v2\/pages\/5384\/revisions"}],"predecessor-version":[{"id":5390,"href":"https:\/\/zarda.es\/en\/wp-json\/wp\/v2\/pages\/5384\/revisions\/5390"}],"wp:attachment":[{"href":"https:\/\/zarda.es\/en\/wp-json\/wp\/v2\/media?parent=5384"}],"curies":[{"name":"wp","href":"https:\/\/api.w.org\/{rel}","templated":true}]}}