{"id":4227,"date":"2025-12-11T13:09:19","date_gmt":"2025-12-11T12:09:19","guid":{"rendered":"https:\/\/zarda.es\/terminos-y-condiciones\/"},"modified":"2026-03-17T13:02:34","modified_gmt":"2026-03-17T12:02:34","slug":"general-terms-and-conditions","status":"publish","type":"page","link":"https:\/\/zarda.es\/en\/general-terms-and-conditions\/","title":{"rendered":"General terms and Conditions"},"content":{"rendered":"\t\t<div data-elementor-type=\"wp-page\" data-elementor-id=\"4227\" class=\"elementor elementor-4227 elementor-1321\" data-elementor-post-type=\"page\">\n\t\t\t\t<div class=\"elementor-element elementor-element-c0f3307 e-flex e-con-boxed e-con e-parent\" data-id=\"c0f3307\" data-element_type=\"container\" data-e-type=\"container\" data-settings=\"{&quot;jet_parallax_layout_list&quot;:[]}\">\n\t\t\t\t\t<div class=\"e-con-inner\">\n\t\t\t\t<div class=\"elementor-element elementor-element-8e0ca10 elementor-invisible elementor-widget elementor-widget-heading\" data-id=\"8e0ca10\" data-element_type=\"widget\" data-e-type=\"widget\" data-settings=\"{&quot;_animation&quot;:&quot;fadeInLeft&quot;}\" data-widget_type=\"heading.default\">\n\t\t\t\t\t<h2 class=\"elementor-heading-title elementor-size-default\">TERMS AND <b>CONDITIONS<\/b><\/h2>\t\t\t\t<\/div>\n\t\t\t\t<div class=\"elementor-element elementor-element-4730290 elementor-invisible elementor-widget elementor-widget-text-editor\" data-id=\"4730290\" data-element_type=\"widget\" data-e-type=\"widget\" data-settings=\"{&quot;_animation&quot;:&quot;fadeInLeft&quot;}\" data-widget_type=\"text-editor.default\">\n\t\t\t\t\t\t\t\t\t<p><strong>1. Purpose<\/strong><\/p><p>These Terms govern access to and use of the ZARD\u00c1 CONCEPT S.L. website.<\/p><p><strong>2. Access conditions<\/strong><\/p><p>The user agrees to use the website lawfully and appropriately. The Owner may modify the content or terms without prior notice. <\/p><p><strong>3. Intellectual Property<\/strong><\/p><p>All content on this website is protected by intellectual property rights. Users may not reproduce it without permission. <\/p><p><strong>4. User Prohibitions<\/strong><\/p><p>The user agrees NOT to:<\/p><ul><li>Spreading illegal or harmful content.<\/li><li>Attempting to gain unauthorized access to the Owner&#8217;s systems.<\/li><li>Using the content for unauthorized commercial purposes.<\/li><\/ul><p><strong>5. Responsibility<\/strong><\/p><p>The Owner does not assume responsibility for technical failures, site unavailability or damages resulting from misuse of the site.<\/p><p><strong>6. Modifications<\/strong><\/p><p>The Owner may modify these Terms and Conditions at any time. Use of the site implies acceptance of them. <\/p><p><strong>7. Applicable legislation<\/strong><\/p><p>The relationship between the parties will be governed by Spanish law and the courts of Valencia will have jurisdiction.<\/p>\t\t\t\t\t\t\t\t<\/div>\n\t\t\t\t\t<\/div>\n\t\t\t\t<\/div>\n\t\t\t\t<\/div>\n\t\t","protected":false},"excerpt":{"rendered":"<p>TERMS AND CONDITIONS 1. Purpose These Terms govern access to and use of the ZARD\u00c1 CONCEPT S.L. website. 2. Access conditions The user agrees to use the website lawfully and appropriately. The Owner may modify the content or terms without prior notice. 3. Intellectual Property All content on this website is protected by intellectual property [&hellip;]<\/p>\n","protected":false},"author":1,"featured_media":0,"parent":0,"menu_order":0,"comment_status":"closed","ping_status":"closed","template":"","meta":{"footnotes":""},"class_list":["post-4227","page","type-page","status-publish","hentry"],"yoast_head":"<!-- This site is optimized with the Yoast SEO plugin v27.1.1 - https:\/\/yoast.com\/product\/yoast-seo-wordpress\/ -->\n<title>General terms and Conditions - Zard\u00e1<\/title>\n<meta name=\"robots\" content=\"noindex, nofollow\" \/>\n<meta property=\"og:locale\" content=\"en_US\" \/>\n<meta property=\"og:type\" content=\"article\" \/>\n<meta property=\"og:title\" content=\"General terms and Conditions - Zard\u00e1\" \/>\n<meta property=\"og:description\" content=\"TERMS AND CONDITIONS 1. Purpose These Terms govern access to and use of the ZARD\u00c1 CONCEPT S.L. website. 2. Access conditions The user agrees to use the website lawfully and appropriately. The Owner may modify the content or terms without prior notice. 3. Intellectual Property All content on this website is protected by intellectual property [&hellip;]\" \/>\n<meta property=\"og:url\" content=\"https:\/\/zarda.es\/en\/general-terms-and-conditions\/\" \/>\n<meta property=\"og:site_name\" content=\"Zard\u00e1\" \/>\n<meta property=\"article:modified_time\" content=\"2026-03-17T12:02:34+00:00\" \/>\n<meta property=\"og:image\" content=\"https:\/\/zarda.es\/wp-content\/uploads\/2025\/11\/LOGO.png\" \/>\n\t<meta property=\"og:image:width\" content=\"560\" \/>\n\t<meta property=\"og:image:height\" content=\"213\" \/>\n\t<meta property=\"og:image:type\" content=\"image\/png\" \/>\n<meta name=\"twitter:card\" content=\"summary_large_image\" \/>\n<meta name=\"twitter:label1\" content=\"Est. reading time\" \/>\n\t<meta name=\"twitter:data1\" content=\"1 minute\" \/>\n<script type=\"application\/ld+json\" class=\"yoast-schema-graph\">{\"@context\":\"https:\/\/schema.org\",\"@graph\":[{\"@type\":\"WebPage\",\"@id\":\"https:\/\/zarda.es\/en\/general-terms-and-conditions\/\",\"url\":\"https:\/\/zarda.es\/en\/general-terms-and-conditions\/\",\"name\":\"General terms and Conditions - Zard\u00e1\",\"isPartOf\":{\"@id\":\"https:\/\/zarda.es\/en\/#website\"},\"datePublished\":\"2025-12-11T12:09:19+00:00\",\"dateModified\":\"2026-03-17T12:02:34+00:00\",\"breadcrumb\":{\"@id\":\"https:\/\/zarda.es\/en\/general-terms-and-conditions\/#breadcrumb\"},\"inLanguage\":\"en-US\",\"potentialAction\":[{\"@type\":\"ReadAction\",\"target\":[\"https:\/\/zarda.es\/en\/general-terms-and-conditions\/\"]}]},{\"@type\":\"BreadcrumbList\",\"@id\":\"https:\/\/zarda.es\/en\/general-terms-and-conditions\/#breadcrumb\",\"itemListElement\":[{\"@type\":\"ListItem\",\"position\":1,\"name\":\"Home\",\"item\":\"https:\/\/zarda.es\/en\/\"},{\"@type\":\"ListItem\",\"position\":2,\"name\":\"General terms and Conditions\"}]},{\"@type\":\"WebSite\",\"@id\":\"https:\/\/zarda.es\/en\/#website\",\"url\":\"https:\/\/zarda.es\/en\/\",\"name\":\"Zard\u00e1\",\"description\":\"Sof\u00e1s Cama Zard\u00e1, dise\u00f1o, calidad y confort\",\"publisher\":{\"@id\":\"https:\/\/zarda.es\/en\/#organization\"},\"potentialAction\":[{\"@type\":\"SearchAction\",\"target\":{\"@type\":\"EntryPoint\",\"urlTemplate\":\"https:\/\/zarda.es\/en\/?s={search_term_string}\"},\"query-input\":{\"@type\":\"PropertyValueSpecification\",\"valueRequired\":true,\"valueName\":\"search_term_string\"}}],\"inLanguage\":\"en-US\"},{\"@type\":\"Organization\",\"@id\":\"https:\/\/zarda.es\/en\/#organization\",\"name\":\"ZARD\u00c1 CONCEPT S.L\",\"alternateName\":\"ZARD\u00c1\",\"url\":\"https:\/\/zarda.es\/en\/\",\"logo\":{\"@type\":\"ImageObject\",\"inLanguage\":\"en-US\",\"@id\":\"https:\/\/zarda.es\/en\/#\/schema\/logo\/image\/\",\"url\":\"https:\/\/zarda.es\/wp-content\/uploads\/2025\/11\/LOGO.png\",\"contentUrl\":\"https:\/\/zarda.es\/wp-content\/uploads\/2025\/11\/LOGO.png\",\"width\":560,\"height\":213,\"caption\":\"ZARD\u00c1 CONCEPT S.L\"},\"image\":{\"@id\":\"https:\/\/zarda.es\/en\/#\/schema\/logo\/image\/\"}}]}<\/script>\n<!-- \/ Yoast SEO plugin. -->","yoast_head_json":{"title":"General terms and Conditions - Zard\u00e1","robots":{"index":"noindex","follow":"nofollow"},"og_locale":"en_US","og_type":"article","og_title":"General terms and Conditions - Zard\u00e1","og_description":"TERMS AND CONDITIONS 1. Purpose These Terms govern access to and use of the ZARD\u00c1 CONCEPT S.L. website. 2. Access conditions The user agrees to use the website lawfully and appropriately. The Owner may modify the content or terms without prior notice. 3. Intellectual Property All content on this website is protected by intellectual property [&hellip;]","og_url":"https:\/\/zarda.es\/en\/general-terms-and-conditions\/","og_site_name":"Zard\u00e1","article_modified_time":"2026-03-17T12:02:34+00:00","og_image":[{"width":560,"height":213,"url":"https:\/\/zarda.es\/wp-content\/uploads\/2025\/11\/LOGO.png","type":"image\/png"}],"twitter_card":"summary_large_image","twitter_misc":{"Est. reading time":"1 minute"},"schema":{"@context":"https:\/\/schema.org","@graph":[{"@type":"WebPage","@id":"https:\/\/zarda.es\/en\/general-terms-and-conditions\/","url":"https:\/\/zarda.es\/en\/general-terms-and-conditions\/","name":"General terms and Conditions - Zard\u00e1","isPartOf":{"@id":"https:\/\/zarda.es\/en\/#website"},"datePublished":"2025-12-11T12:09:19+00:00","dateModified":"2026-03-17T12:02:34+00:00","breadcrumb":{"@id":"https:\/\/zarda.es\/en\/general-terms-and-conditions\/#breadcrumb"},"inLanguage":"en-US","potentialAction":[{"@type":"ReadAction","target":["https:\/\/zarda.es\/en\/general-terms-and-conditions\/"]}]},{"@type":"BreadcrumbList","@id":"https:\/\/zarda.es\/en\/general-terms-and-conditions\/#breadcrumb","itemListElement":[{"@type":"ListItem","position":1,"name":"Home","item":"https:\/\/zarda.es\/en\/"},{"@type":"ListItem","position":2,"name":"General terms and Conditions"}]},{"@type":"WebSite","@id":"https:\/\/zarda.es\/en\/#website","url":"https:\/\/zarda.es\/en\/","name":"Zard\u00e1","description":"Sof\u00e1s Cama Zard\u00e1, dise\u00f1o, calidad y confort","publisher":{"@id":"https:\/\/zarda.es\/en\/#organization"},"potentialAction":[{"@type":"SearchAction","target":{"@type":"EntryPoint","urlTemplate":"https:\/\/zarda.es\/en\/?s={search_term_string}"},"query-input":{"@type":"PropertyValueSpecification","valueRequired":true,"valueName":"search_term_string"}}],"inLanguage":"en-US"},{"@type":"Organization","@id":"https:\/\/zarda.es\/en\/#organization","name":"ZARD\u00c1 CONCEPT S.L","alternateName":"ZARD\u00c1","url":"https:\/\/zarda.es\/en\/","logo":{"@type":"ImageObject","inLanguage":"en-US","@id":"https:\/\/zarda.es\/en\/#\/schema\/logo\/image\/","url":"https:\/\/zarda.es\/wp-content\/uploads\/2025\/11\/LOGO.png","contentUrl":"https:\/\/zarda.es\/wp-content\/uploads\/2025\/11\/LOGO.png","width":560,"height":213,"caption":"ZARD\u00c1 CONCEPT S.L"},"image":{"@id":"https:\/\/zarda.es\/en\/#\/schema\/logo\/image\/"}}]}},"_links":{"self":[{"href":"https:\/\/zarda.es\/en\/wp-json\/wp\/v2\/pages\/4227","targetHints":{"allow":["GET"]}}],"collection":[{"href":"https:\/\/zarda.es\/en\/wp-json\/wp\/v2\/pages"}],"about":[{"href":"https:\/\/zarda.es\/en\/wp-json\/wp\/v2\/types\/page"}],"author":[{"embeddable":true,"href":"https:\/\/zarda.es\/en\/wp-json\/wp\/v2\/users\/1"}],"replies":[{"embeddable":true,"href":"https:\/\/zarda.es\/en\/wp-json\/wp\/v2\/comments?post=4227"}],"version-history":[{"count":2,"href":"https:\/\/zarda.es\/en\/wp-json\/wp\/v2\/pages\/4227\/revisions"}],"predecessor-version":[{"id":5413,"href":"https:\/\/zarda.es\/en\/wp-json\/wp\/v2\/pages\/4227\/revisions\/5413"}],"wp:attachment":[{"href":"https:\/\/zarda.es\/en\/wp-json\/wp\/v2\/media?parent=4227"}],"curies":[{"name":"wp","href":"https:\/\/api.w.org\/{rel}","templated":true}]}}